{"id":12363,"date":"2023-02-25T18:14:59","date_gmt":"2023-02-25T18:14:59","guid":{"rendered":"https:\/\/visitaltotamegaebarroso.pt\/politique-de-confidentialite\/"},"modified":"2023-06-22T23:40:01","modified_gmt":"2023-06-22T23:40:01","slug":"politique-de-confidentialite","status":"publish","type":"page","link":"https:\/\/visitaltotamegaebarroso.pt\/fr\/politique-de-confidentialite\/","title":{"rendered":"Politique de Confidentialit\u00e9"},"content":{"rendered":"<div class=\"wpb-content-wrapper\"><p>[vc_row][vc_column][vc_column_text]POLITIQUE DE CONFIDENTIALIT\u00c9 ET TRAITEMENT DES DONN\u00c9ES PERSONNELLES<\/p>\n<p>ENGAGEMENT:<\/p>\n<p>La Communaut\u00e9 Intercommunale d&rsquo;Alto T\u00e2mega, d\u00e9sormais CIMAT, personne morale publique \u00e0 caract\u00e8re associatif, a \u00e9t\u00e9 constitu\u00e9e en unit\u00e9 administrative, qui correspond au NUT III d&rsquo;Alto T\u00e2mega et d\u00e9veloppe son activit\u00e9 administrative, dans le cadre de ses comp\u00e9tences l\u00e9gales, dans le zone g\u00e9ographique des communes qui la composent: Boticas, Chaves, Montalegre, Ribeira de Pena, Valpa\u00e7os et Vila Pouca de Aguiar.<\/p>\n<p>&nbsp;<\/p>\n<p>Dans le strict respect de la loi, et dans le respect des principes de transparence et d&rsquo;\u00e9galit\u00e9, il adopte des proc\u00e9dures et pratiques de s\u00e9curit\u00e9 dans le but, d&rsquo;une part, de toujours garantir la poursuite de l&rsquo;int\u00e9r\u00eat public dans les domaines de son intervention et, d&rsquo;autre part, en minimisant toute collision \u00e9ventuelle de ce desideratum avec la sph\u00e8re personnelle des droits de chaque individu.<\/p>\n<p>&nbsp;<\/p>\n<p>Tenant compte de la proportionnalit\u00e9 et de l&rsquo;ad\u00e9quation inh\u00e9rentes \u00e0 la capacit\u00e9 d&rsquo;allouer les ressources et moyens techniques dont elle dispose, CIMAT s&rsquo;engage \u00e0 cr\u00e9er des mesures de protection inh\u00e9rentes \u00e0 la vie priv\u00e9e ainsi qu&rsquo;au traitement et \u00e0 la circulation des donn\u00e9es personnelles de ses citoyens, travailleurs et collaborateurs, utilisateurs r\u00e9guliers ou occasionnels, b\u00e9n\u00e9ficiaires de subventions, d&rsquo;aides ou de prix, \u00e9tudiants, stagiaires, formateurs, titulaires de postes institutionnels internes et externes, partenaires, repr\u00e9sentants l\u00e9gaux ou b\u00e9n\u00e9voles respectifs, ainsi que tous ceux qui acc\u00e8dent ou sont int\u00e9gr\u00e9s ou consid\u00e9r\u00e9s dans ses diff\u00e9rents supports et plateformes, qu&rsquo;ils soient physiques ou num\u00e9riques, notamment les dossiers papier, les fichiers num\u00e9riques et les sites internet en cours d&rsquo;exploitation ou \u00e0 mettre en place.<\/p>\n<p>&nbsp;<\/p>\n<p>CIMAT veille \u00e0 ce que les Donn\u00e9es Personnelles fassent l&rsquo;objet d&rsquo;un traitement licite, loyal et transparent, dans le cadre de la ou des finalit\u00e9s pour lesquelles elles sont collect\u00e9es.<\/p>\n<p>&nbsp;<\/p>\n<p>CIMAT s&rsquo;engage \u00e0 mettre en place une culture de Minimisation des Donn\u00e9es, dans laquelle elle ne collecte, n&rsquo;utilise et ne conserve que les Donn\u00e9es Personnelles strictement n\u00e9cessaires au d\u00e9veloppement de son activit\u00e9, \u00e0 la poursuite de l&rsquo;int\u00e9r\u00eat g\u00e9n\u00e9ral et \u00e0 la satisfaction des int\u00e9r\u00eats vis\u00e9s et des droits individuels.<\/p>\n<p>&nbsp;<\/p>\n<p>CIMAT ne divulgue ni ne partage de Donn\u00e9es Personnelles \u00e0 des fins commerciales ou de publicit\u00e9 commerciale.<\/p>\n<p>&nbsp;<\/p>\n<p>DISPOSITIFS DE COLLECTE DE DONN\u00c9ES PERSONNELLES ET SUPPORTS UTILIS\u00c9S\u00a0:<\/p>\n<p>&nbsp;<\/p>\n<p>CIMAT fournit, \u00e9dite et g\u00e8re les supports de donn\u00e9es personnelles suivants :<\/p>\n<p>Syst\u00e8me informatique compos\u00e9 d&rsquo;un ensemble de solutions logicielles prises en charge par un ensemble de dispositifs mat\u00e9riels et d&rsquo;autres solutions similaires, y compris des services de courrier \u00e9lectronique et d&rsquo;autres r\u00e9f\u00e9rentiels num\u00e9riques externes et des solutions de communication\u00a0;<br \/>\nArchives photographiques num\u00e9riques\u00a0;<br \/>\nArchives audiovisuelles\u00a0;<br \/>\nDossiers papier \u00e0 acc\u00e8s restreint ;<br \/>\nArchives historiques \u00e0 acc\u00e8s restreint\u00a0;<br \/>\nSite Internet du CIMAT \u2013 cristat.pt ;<br \/>\nAutres plateformes num\u00e9riques en cours d&rsquo;utilisation ou en cours de mise en \u0153uvre\u00a0;<\/p>\n<p>CHAMP D&rsquo;APPLICATION DE LA POLITIQUE DE CONFIDENTIALIT\u00c9\u00a0:<\/p>\n<p>La pr\u00e9sente politique de confidentialit\u00e9 s&rsquo;applique \u00e0 CIMAT, s&rsquo;agissant des donn\u00e9es personnelles qu&rsquo;elle collecte, traite et diffuse, par elle-m\u00eame ou par l&rsquo;interm\u00e9diaire de tiers, conform\u00e9ment au R\u00e8glement sur la Protection des Donn\u00e9es approuv\u00e9 par le R\u00e8glement (UE) 2016\/679, du 27 avril.<\/p>\n<p>&nbsp;<\/p>\n<p>La m\u00eame politique ou une politique similaire sera \u00e9galement assum\u00e9e, par voie contractuelle, par les entit\u00e9s qui traitent les m\u00eames donn\u00e9es personnelles pour le compte de CIMAT, c&rsquo;est-\u00e0-dire sous un r\u00e9gime de sous-traitance, soumis au contr\u00f4le de CIMAT.<\/p>\n<p>&nbsp;<\/p>\n<p>La mise \u00e0 disposition d&rsquo;autres liens d&rsquo;acc\u00e8s via le site \u00ab www.cimat.pt \u00bb se fait de bonne foi et dans l&rsquo;int\u00e9r\u00eat de l&rsquo;utilisateur, et CIMAT ne peut \u00eatre tenu pour responsable de la collecte, du traitement et de la destination des donn\u00e9es trait\u00e9es sur ces plateformes, ni pour la fiabilit\u00e9, l&rsquo;exactitude, la l\u00e9galit\u00e9 et les fonctionnalit\u00e9s qui y sont disponibles, cette politique de confidentialit\u00e9 ne leur est donc pas applicable.<\/p>\n<p>&nbsp;<\/p>\n<p>En ce sens, CIMAT la consid\u00e8re comme obligatoire et pr\u00e9sumera \u00e0 toutes fins utiles, sans possibilit\u00e9 de preuve contraire, la lecture et la compr\u00e9hension des politiques de confidentialit\u00e9 de toutes les plateformes auxquelles l&rsquo;utilisateur acc\u00e8de.<\/p>\n<p>OBJECTIFS ET PUBLICATION DE LA POLITIQUE DE CONFIDENTIALIT\u00c9\u00a0:<\/p>\n<p>&nbsp;<\/p>\n<p>En plus de la mettre en \u0153uvre dans ses processus organisationnels, CIMAT a \u00e9labor\u00e9 la pr\u00e9sente Politique de Confidentialit\u00e9 dans le but de fournir un instrument explicatif des r\u00e8gles g\u00e9n\u00e9rales de confidentialit\u00e9 et de traitement des Donn\u00e9es Personnelles qu&rsquo;elle collecte, toujours dans le strict respect de la l\u00e9gislation applicable.<\/p>\n<p>&nbsp;<\/p>\n<p>\u00c0 cette fin, le texte de la pr\u00e9sente politique de confidentialit\u00e9 sera disponible au format papier affich\u00e9 sur les sites d&rsquo;information habituels de CIMAT et au format num\u00e9rique sur le site Web www.cimat.pt.<\/p>\n<p>&nbsp;<\/p>\n<p>Les dispositions de la pr\u00e9sente politique de confidentialit\u00e9 compl\u00e8tent les contrats ou autres proc\u00e9dures ou actes normatifs, formels ou informels, que les personnes concern\u00e9es concluent ou participent avec CIMAT.<\/p>\n<p>&nbsp;<\/p>\n<p>Par cons\u00e9quent, une lecture attentive de cette politique de confidentialit\u00e9 doit \u00eatre effectu\u00e9e, car, en mettant vos donn\u00e9es personnelles \u00e0 disposition, soit en personne, soit lors de l&rsquo;acc\u00e8s au site Web susmentionn\u00e9, il en r\u00e9sulte que vous avez pris connaissance et que vous acceptez ces conditions, ainsi que que<br \/>\n[\/vc_column_text][\/vc_column][\/vc_row]<\/p>\n<\/div>","protected":false},"excerpt":{"rendered":"<p>[vc_row][vc_column][vc_column_text]POLITIQUE DE CONFIDENTIALIT\u00c9 ET TRAITEMENT DES DONN\u00c9ES PERSONNELLES ENGAGEMENT: La Communaut\u00e9 Intercommunale d&rsquo;Alto T\u00e2mega, d\u00e9sormais CIMAT, personne morale publique \u00e0 caract\u00e8re associatif, a \u00e9t\u00e9 constitu\u00e9e en unit\u00e9 administrative, qui correspond au NUT III d&rsquo;Alto T\u00e2mega et d\u00e9veloppe son activit\u00e9 administrative, [&hellip;]<\/p>\n","protected":false},"author":1,"featured_media":0,"parent":0,"menu_order":0,"comment_status":"closed","ping_status":"open","template":"","meta":[],"_links":{"self":[{"href":"https:\/\/visitaltotamegaebarroso.pt\/fr\/wp-json\/wp\/v2\/pages\/12363"}],"collection":[{"href":"https:\/\/visitaltotamegaebarroso.pt\/fr\/wp-json\/wp\/v2\/pages"}],"about":[{"href":"https:\/\/visitaltotamegaebarroso.pt\/fr\/wp-json\/wp\/v2\/types\/page"}],"author":[{"embeddable":true,"href":"https:\/\/visitaltotamegaebarroso.pt\/fr\/wp-json\/wp\/v2\/users\/1"}],"replies":[{"embeddable":true,"href":"https:\/\/visitaltotamegaebarroso.pt\/fr\/wp-json\/wp\/v2\/comments?post=12363"}],"version-history":[{"count":5,"href":"https:\/\/visitaltotamegaebarroso.pt\/fr\/wp-json\/wp\/v2\/pages\/12363\/revisions"}],"predecessor-version":[{"id":12369,"href":"https:\/\/visitaltotamegaebarroso.pt\/fr\/wp-json\/wp\/v2\/pages\/12363\/revisions\/12369"}],"wp:attachment":[{"href":"https:\/\/visitaltotamegaebarroso.pt\/fr\/wp-json\/wp\/v2\/media?parent=12363"}],"curies":[{"name":"wp","href":"https:\/\/api.w.org\/{rel}","templated":true}]}}