{"id":11940,"date":"2023-04-01T03:43:24","date_gmt":"2023-04-01T03:43:24","guid":{"rendered":"https:\/\/visitaltotamegaebarroso.pt\/comment-avoir\/"},"modified":"2023-06-22T22:29:43","modified_gmt":"2023-06-22T22:29:43","slug":"comment-avoir","status":"publish","type":"page","link":"https:\/\/visitaltotamegaebarroso.pt\/fr\/comment-avoir\/","title":{"rendered":"Comment avoir"},"content":{"rendered":"<div class=\"wpb-content-wrapper\"><p>[vc_row row_content_width=\u00a0\u00bbgrid\u00a0\u00bb css=\u00a0\u00bb.vc_custom_1502195385713{padding-top: 90px !important;padding-bottom: 90px !important;}\u00a0\u00bb][vc_column][vc_row_inner][vc_column_inner width=\u00a0\u00bb1\/2&Prime;][vc_column_text]Alto T\u00e2mega se caract\u00e9rise par \u00eatre une r\u00e9gion avec des distances importantes entre les principaux centres de population, avec des populations g\u00e9ographiquement dispers\u00e9es, mais traditionnellement concentr\u00e9es. Les probl\u00e8mes d&rsquo;accessibilit\u00e9 vers l&rsquo;ext\u00e9rieur de la r\u00e9gion ont \u00e9t\u00e9 r\u00e9solus \u00e0 grande \u00e9chelle par la construction de nouveaux axes routiers (A24, A7 et raccordement direct \u00e0 l&rsquo;A4). Il dispose \u00e9galement d&rsquo;une connexion directe de l&rsquo;A24 \u00e0 l&rsquo;autoroute A75 en Galice qui \u00e0 son tour se connecte \u00e0 l&rsquo;A52 (Autovia das Rias Baixas).<\/p>\n<p>Le r\u00e9seau interne de communications routi\u00e8res s&rsquo;est am\u00e9lior\u00e9, bien qu&rsquo;il y ait eu une nouvelle augmentation de l&rsquo;utilisation des routes traditionnelles, en raison de l&rsquo;augmentation du co\u00fbt de la circulation sur l&rsquo;A24. Outre l&rsquo;effet de l&rsquo;introduction des p\u00e9ages, le trafic sur ces autoroutes a \u00e9galement subi l&rsquo;effet de la situation \u00e9conomique et financi\u00e8re actuelle, qui affecte les citoyens et les entreprises et qui se refl\u00e8te, de mani\u00e8re g\u00e9n\u00e9rale, dans l&rsquo;\u00e9volution des volumes de trafic \u00e0 niveau national.<\/p>\n<p>Les liaisons routi\u00e8res, via les autoroutes, permettent \u00e9galement une connexion directe \u00e0 d&rsquo;autres infrastructures de transport pertinentes au nord du Portugal (port de Leix\u00f5es et a\u00e9roport de S\u00e1 Carneiro) et en Galice (port de Vigo, a\u00e9roport de Vigo et Saint-Jacques-de-Compostelle), dans un rayon de 200 km .[\/vc_column_text][\/vc_column_inner][vc_column_inner width=\u00a0\u00bb1\/2&Prime;][vc_single_image image=\u00a0\u00bb8623&Prime; img_size=\u00a0\u00bbfull\u00a0\u00bb alignment=\u00a0\u00bbcenter\u00a0\u00bb][\/vc_column_inner][\/vc_row_inner][vc_row_inner][vc_column_inner width=\u00a0\u00bb1\/2&Prime;][vc_column_text]<\/p>\n<h4>A\u00e9roports<\/h4>\n<p><strong>A\u00e9roport S\u00e1 Carneiro (Porto)<\/strong> \u2013 148 km (1h50 sur A24)<\/p>\n<p><strong>A\u00e9roport de Lisbonne<\/strong> \u2013 432 km (4h46 par l&rsquo;IP3) 461 km (5h00 par l&rsquo;A17 et l&rsquo;A8)<\/p>\n<p><strong>A\u00e9roport de Vigo<\/strong> \u2013 190 km (2h12 sur l&rsquo;A52)<\/p>\n<p><strong>A\u00e9roport de Saint Jacques de Compostelle<\/strong> \u2013 204 km (2h17 par A-52 et AP-53)<\/p>\n<p><strong>A\u00e9roport de Madrid<\/strong> \u2013 463km (4h54 sur l&rsquo;A-75)[\/vc_column_text][\/vc_column_inner][vc_column_inner width=\u00a0\u00bb1\/2&Prime; css=\u00a0\u00bb.vc_custom_1680340648182{margin-left: 10% !important;}\u00a0\u00bb][vc_column_text]<\/p>\n<h5><strong>Google Maps<\/strong><\/h5>\n<p><a href=\"https:\/\/www.google.com\/maps\/dir\/\/Boticas\/@41.6984712,-7.7061082,13z\/data=!4m8!4m7!1m0!1m5!1m1!1s0xd3ad65a1bed378f:0x500ebbde4911bc0!2m2!1d-7.6710889!2d41.6984124?hl=pt-PT\" target=\"_blank\" rel=\"noopener\"><span class=\"HwtZe\" lang=\"fr\"> <span class=\"jCAhz ChMk0b\"><span class=\"ryNqvb\">Naviguer vers <\/span><\/span><\/span>Boticas<\/a><\/p>\n<p><a href=\"https:\/\/www.google.com\/maps\/dir\/\/Chaves\/@41.7411173,-7.5056239,13z\/data=!4m8!4m7!1m0!1m5!1m1!1s0xd3ade6620f62dad:0x672378b8a643288d!2m2!1d-7.4706046!2d41.7410586?hl=pt-PT\" target=\"_blank\" rel=\"noopener\"><span class=\"HwtZe\" lang=\"fr\"> <span class=\"jCAhz ChMk0b\"><span class=\"ryNqvb\">Naviguer vers <\/span><\/span><\/span>Chaves<\/a><\/p>\n<p><a href=\"https:\/\/www.google.com\/maps\/dir\/\/Montalegre\/@41.8254696,-7.8236282,13z\/data=!4m8!4m7!1m0!1m5!1m1!1s0xd252c38a346ad45:0x400ebbde4903c80!2m2!1d-7.7886089!2d41.825411?hl=pt-PT\" target=\"_blank\" rel=\"noopener\"><span class=\"HwtZe\" lang=\"fr\"> <span class=\"jCAhz ChMk0b\"><span class=\"ryNqvb\">Naviguer vers\u00a0 <\/span><\/span><\/span>Montalegre<\/a><\/p>\n<p><a href=\"https:\/\/www.google.com\/maps\/dir\/\/Ribeira+de+Pena\/@41.5199601,-7.8288703,13z\/data=!4m8!4m7!1m0!1m5!1m1!1s0xd24d2c52f4332e5:0xdbd04c30f5bee01b!2m2!1d-7.793851!2d41.5199011?hl=pt-PT\" target=\"_blank\" rel=\"noopener\"><span class=\"HwtZe\" lang=\"fr\"> <span class=\"jCAhz ChMk0b\"><span class=\"ryNqvb\">Naviguer vers <\/span><\/span><\/span>Ribeira de Pena<\/a><\/p>\n<p><a href=\"https:\/\/www.google.com\/maps\/dir\/\/Valpa%C3%A7os\/@41.607027,-7.3454676,13z\/data=!4m8!4m7!1m0!1m5!1m1!1s0xd3b1c02773f9a93:0x400ebbde4903ce0!2m2!1d-7.3104483!2d41.6069681?hl=pt-PT\" target=\"_blank\" rel=\"noopener\"><span class=\"HwtZe\" lang=\"fr\"> <span class=\"jCAhz ChMk0b\"><span class=\"ryNqvb\">Naviguer vers <\/span><\/span><\/span>Valpa\u00e7os<\/a><\/p>\n<p><a href=\"https:\/\/www.google.com\/maps\/dir\/\/Vila+Pouca+de+Aguiar\/@41.5002977,-7.6782511,13z\/data=!4m8!4m7!1m0!1m5!1m1!1s0xd3b30192eadea2d:0xb8333b991faeae42!2m2!1d-7.6432318!2d41.5002387?hl=pt-PT\" target=\"_blank\" rel=\"noopener\"><span class=\"HwtZe\" lang=\"fr\"> <span class=\"jCAhz ChMk0b\"><span class=\"ryNqvb\">Naviguer vers<\/span><\/span><\/span> Vila Pouca de Aguiar<\/a>[\/vc_column_text][\/vc_column_inner][\/vc_row_inner][\/vc_column][\/vc_row][vc_row][vc_column][vc_empty_space][\/vc_column][\/vc_row]<\/p>\n<\/div>","protected":false},"excerpt":{"rendered":"<p>[vc_row row_content_width=\u00a0\u00bbgrid\u00a0\u00bb css=\u00a0\u00bb.vc_custom_1502195385713{padding-top: 90px !important;padding-bottom: 90px !important;}\u00a0\u00bb][vc_column][vc_row_inner][vc_column_inner width=\u00a0\u00bb1\/2&Prime;][vc_column_text]Alto T\u00e2mega se caract\u00e9rise par \u00eatre une r\u00e9gion avec des distances importantes entre les principaux centres de population, avec des populations g\u00e9ographiquement dispers\u00e9es, mais traditionnellement concentr\u00e9es. Les probl\u00e8mes d&rsquo;accessibilit\u00e9 vers l&rsquo;ext\u00e9rieur de la [&hellip;]<\/p>\n","protected":false},"author":1,"featured_media":0,"parent":0,"menu_order":0,"comment_status":"closed","ping_status":"closed","template":"full-width.php","meta":[],"_links":{"self":[{"href":"https:\/\/visitaltotamegaebarroso.pt\/fr\/wp-json\/wp\/v2\/pages\/11940"}],"collection":[{"href":"https:\/\/visitaltotamegaebarroso.pt\/fr\/wp-json\/wp\/v2\/pages"}],"about":[{"href":"https:\/\/visitaltotamegaebarroso.pt\/fr\/wp-json\/wp\/v2\/types\/page"}],"author":[{"embeddable":true,"href":"https:\/\/visitaltotamegaebarroso.pt\/fr\/wp-json\/wp\/v2\/users\/1"}],"replies":[{"embeddable":true,"href":"https:\/\/visitaltotamegaebarroso.pt\/fr\/wp-json\/wp\/v2\/comments?post=11940"}],"version-history":[{"count":2,"href":"https:\/\/visitaltotamegaebarroso.pt\/fr\/wp-json\/wp\/v2\/pages\/11940\/revisions"}],"predecessor-version":[{"id":11942,"href":"https:\/\/visitaltotamegaebarroso.pt\/fr\/wp-json\/wp\/v2\/pages\/11940\/revisions\/11942"}],"wp:attachment":[{"href":"https:\/\/visitaltotamegaebarroso.pt\/fr\/wp-json\/wp\/v2\/media?parent=11940"}],"curies":[{"name":"wp","href":"https:\/\/api.w.org\/{rel}","templated":true}]}}