{"id":11934,"date":"2023-04-02T02:58:32","date_gmt":"2023-04-02T02:58:32","guid":{"rendered":"https:\/\/visitaltotamegaebarroso.pt\/alto-tamega-turismo-4-0\/"},"modified":"2023-06-23T08:38:58","modified_gmt":"2023-06-23T08:38:58","slug":"alto-tamega-turismo-4-0","status":"publish","type":"page","link":"https:\/\/visitaltotamegaebarroso.pt\/fr\/alto-tamega-turismo-4-0\/","title":{"rendered":"Alto T\u00e2mega Turismo 4.0"},"content":{"rendered":"<div class=\"wpb-content-wrapper\"><p>[vc_row row_content_width=\u00a0\u00bbgrid\u00a0\u00bb css=\u00a0\u00bb.vc_custom_1502195385713{padding-top: 90px !important;padding-bottom: 90px !important;}\u00a0\u00bb][vc_column][vc_row_inner][vc_column_inner][vc_single_image image=\u00a0\u00bb8774&Prime; img_size=\u00a0\u00bbmedium\u00a0\u00bb][vc_column_text]<strong>Projet cofinanc\u00e9 par l&rsquo;UE<\/strong><\/p>\n<h4>Nom du projet | Alto T\u00e2mega Tourisme 4.0<\/h4>\n<p><strong>Code du projet |<\/strong> NORTE-02-0853-FEDER-037651<\/p>\n<p><strong>Objectif principal|<\/strong> Renforcer la comp\u00e9titivit\u00e9 des petites et moyennes entreprises<\/p>\n<p><strong>R\u00e9gion d&rsquo;intervention |<\/strong> NORD<\/p>\n<p><strong>Entit\u00e9 b\u00e9n\u00e9ficiaire |<\/strong> 515134465 \u2013 AQUAVALOR \u2013 Centre de Valorisation et de Transfert des Technologies de l&rsquo;Eau (Coordonnateur) | 510957579 \u2013 CIMAT \u2013 Communaut\u00e9 Intercommunale Alto T\u00e2mega | 510893678 \u2013 AECORGO \u2013 Association des entreprises de Corgo<\/p>\n<p><strong>Date d&rsquo;approbation |<\/strong> 03-04-2021<\/p>\n<p><strong>Date de d\u00e9but |<\/strong> 01-09-2021<\/p>\n<p><strong>Date d&rsquo;ach\u00e8vement |<\/strong> 30-04-2023<\/p>\n<p><strong>Investissement total |<\/strong> 298 091,58 \u20ac<\/p>\n<p><strong>Co\u00fbt \u00e9ligible total |<\/strong> 298 091,58 \u20ac<\/p>\n<p><strong>Soutien financier de l&rsquo;Union europ\u00e9enne |<\/strong> FEDER \u2013 253 377,84 \u20ac<\/p>\n<p><strong>Description<\/strong><\/p>\n<p>Le tourisme est l&rsquo;un des secteurs critiques pour le d\u00e9veloppement national et la r\u00e9gion d&rsquo;Alto T\u00e2mega en est un autre exemple. L&rsquo;objectif central du projet est de renforcer la capacit\u00e9 commerciale des voyagistes de la r\u00e9gion pour le d\u00e9veloppement de nouveaux produits, services et processus, en les encourageant \u00e0 d\u00e9velopper des pratiques de gestion durables et innovantes, dans leurs dimensions environnementales, sociales et \u00e9conomiques, avec une incidence dans les activit\u00e9s encadr\u00e9es dans les domaines de sp\u00e9cialisation intelligente \u2013 RIS3 de la R\u00e9gion Nord. Le projet vise \u00e0 encourager ces entit\u00e9s \u00e0 d\u00e9velopper en collaboration et en partenariat des activit\u00e9s et des projets innovants, en vue de d\u00e9velopper de nouveaux biens et services qui conduisent \u00e0 une comp\u00e9titivit\u00e9 accrue et \u00e0 une capacit\u00e9 \u00e0 cr\u00e9er de la valeur, favorisant une croissance intelligente et durable. Ce projet s&rsquo;inscrit dans les strat\u00e9gies de d\u00e9veloppement des territoires \u00e0 faible densit\u00e9, avec un accent particulier sur l&rsquo;accompagnement des PME en vue d&rsquo;accro\u00eetre les gains de comp\u00e9titivit\u00e9 en s&rsquo;appuyant sur les ressources endog\u00e8nes du territoire. Le tourisme \u00e9tant l&rsquo;un des secteurs critiques pour le d\u00e9veloppement de l&rsquo;Alto T\u00e2mega, ce projet vise \u00e0 : a) former les voyagistes \u00e0 pouvoir r\u00e9pondre aux futurs d\u00e9fis du tourisme, toujours en alignement permanent avec la strat\u00e9gie r\u00e9gionale du secteur ; b) R\u00e9ajuster la plateforme visitaltotamega.com\u00a0; et c) Am\u00e9liorer les r\u00e9sultats obtenus en atteignant les objectifs pr\u00e9c\u00e9dents \u00e0 travers la tenue d&rsquo;un grand Forum international.<\/p>\n<p>Projet financ\u00e9 par :[\/vc_column_text][vc_single_image image=\u00a0\u00bb6309&Prime; img_size=\u00a0\u00bb890&#215;115&Prime;][\/vc_column_inner][\/vc_row_inner]<div class=\"mkdf-tabs  mkdf-tabs-standard\">\n\t<ul class=\"mkdf-tabs-nav clearfix\">\n\t\t\t\t\t<li>\n\t\t\t\t\t\t\t\t\t<a href=\"#tab-documentation\">Documentation<\/a>\n\t\t\t\t\t\t\t<\/li>\n\t\t\t<\/ul>\n\t<div class=\"mkdf-tab-container\" id=\"tab-documentation-204\">[vc_column_text]<div class=\"_3d-flip-book  fb3d-fullscreen-mode full-size\" data-id=\"11889\" data-mode=\"fullscreen\" data-title=\"false\" data-template=\"short-white-book-view\" data-lightbox=\"dark-shadow\" data-urlparam=\"fb3d-page\" data-page-n=\"0\" data-pdf=\"\" data-tax=\"null\" data-thumbnail=\"\" data-cols=\"3\" data-book-template=\"default\"><\/div><script type=\"text\/javascript\">window.FB3D_CLIENT_DATA = window.FB3D_CLIENT_DATA || [];window.FB3D_CLIENT_DATA.push('eyJwb3N0cyI6eyIxMTg4OSI6eyJJRCI6MTE4ODksInRpdGxlIjoiTmV3c2xldHRlciBBbHRvIFRcdTAwZTJtZWdhIFR1cmlzbW8gNC4wIiwidHlwZSI6InBkZiIsInJlYWR5X2Z1bmN0aW9uIjoiIiwiYm9va19zdHlsZSI6ImZsYXQiLCJib29rX3RlbXBsYXRlIjoibm9uZSIsIm91dGxpbmUiOltdLCJkYXRhIjp7InBvc3RfSUQiOiIxMTg5MCIsImd1aWQiOiJodHRwczpcL1wvdmlzaXRhbHRvdGFtZWdhZWJhcnJvc28ucHRcL3dwLWNvbnRlbnRcL3VwbG9hZHNcLzIwMjNcLzA1XC9uZXdzbGV0dGVyLXR1cmlzbW80LnBkZiIsInBkZl9wYWdlcyI6IjI2IiwicGFnZXNfY3VzdG9taXphdGlvbiI6Im5vbmUifSwidGh1bWJuYWlsIjp7ImRhdGEiOnsicG9zdF9JRCI6IjAifSwidHlwZSI6ImF1dG8ifSwicHJvcHMiOnsiYmFja2dyb3VuZENvbG9yIjoiYXV0byIsImJhY2tncm91bmRJbWFnZSI6ImF1dG8iLCJiYWNrZ3JvdW5kU3R5bGUiOiJhdXRvIiwiaGlnaGxpZ2h0TGlua3MiOiJhdXRvIiwibGlnaHRpbmciOiJhdXRvIiwiY2FjaGVkUGFnZXMiOiJhdXRvIiwicmVuZGVySW5hY3RpdmVQYWdlcyI6ImF1dG8iLCJyZW5kZXJJbmFjdGl2ZVBhZ2VzT25Nb2JpbGUiOiJhdXRvIiwicmVuZGVyV2hpbGVGbGlwcGluZyI6ImF1dG8iLCJwcmVsb2FkUGFnZXMiOiJhdXRvIiwiYXV0b1BsYXlEdXJhdGlvbiI6ImF1dG8iLCJydGwiOiJhdXRvIiwiaW50ZXJhY3RpdmVDb3JuZXJzIjoiYXV0byIsIm1heERlcHRoIjoiYXV0byIsInNoZWV0Ijp7InN0YXJ0VmVsb2NpdHkiOiJhdXRvIiwid2F2ZSI6ImF1dG8iLCJzaGFwZSI6ImF1dG8iLCJ3aWR0aFRleGVscyI6ImF1dG8iLCJjb2xvciI6ImF1dG8iLCJzaWRlIjoiYXV0byIsImNvcm5lckRldmlhdGlvbiI6ImF1dG8iLCJmbGV4aWJpbGl0eSI6ImF1dG8iLCJmbGV4aWJsZUNvcm5lciI6ImF1dG8iLCJiZW5kaW5nIjoiYXV0byIsImhlaWdodFRleGVscyI6ImF1dG8ifSwiY292ZXIiOnsid2F2ZSI6ImF1dG8iLCJjb2xvciI6ImF1dG8iLCJzaWRlIjoiYXV0byIsImJpbmRlclRleHR1cmUiOiJhdXRvIiwiZGVwdGgiOiJhdXRvIiwicGFkZGluZyI6ImF1dG8iLCJzdGFydFZlbG9jaXR5IjoiYXV0byIsImZsZXhpYmlsaXR5IjoiYXV0byIsImZsZXhpYmxlQ29ybmVyIjoiYXV0byIsImJlbmRpbmciOiJhdXRvIiwid2lkdGhUZXhlbHMiOiJhdXRvIiwiaGVpZ2h0VGV4ZWxzIjoiYXV0byIsIm1hc3MiOiJhdXRvIiwic2hhcGUiOiJhdXRvIn0sInBhZ2UiOnsid2F2ZSI6ImF1dG8iLCJjb2xvciI6ImF1dG8iLCJzaWRlIjoiYXV0byIsImRlcHRoIjoiYXV0byIsInN0YXJ0VmVsb2NpdHkiOiJhdXRvIiwiZmxleGliaWxpdHkiOiJhdXRvIiwiZmxleGlibGVDb3JuZXIiOiJhdXRvIiwiYmVuZGluZyI6ImF1dG8iLCJ3aWR0aFRleGVscyI6ImF1dG8iLCJoZWlnaHRUZXhlbHMiOiJhdXRvIiwibWFzcyI6ImF1dG8iLCJzaGFwZSI6ImF1dG8ifSwiaGVpZ2h0IjoiYXV0byIsIndpZHRoIjoiYXV0byIsImdyYXZpdHkiOiJhdXRvIiwicGFnZXNGb3JQcmVkaWN0aW5nIjoiYXV0byJ9LCJjb250cm9sUHJvcHMiOnsiYWN0aW9ucyI6eyJjbWRUb2MiOnsiZW5hYmxlZCI6ImF1dG8iLCJlbmFibGVkSW5OYXJyb3ciOiJhdXRvIiwiYWN0aXZlIjoiYXV0byIsImRlZmF1bHRUYWIiOiJhdXRvIn0sImNtZEF1dG9QbGF5Ijp7ImVuYWJsZWQiOiJhdXRvIiwiZW5hYmxlZEluTmFycm93IjoiYXV0byIsImFjdGl2ZSI6ImF1dG8ifSwiY21kU2F2ZSI6eyJlbmFibGVkIjoiYXV0byIsImVuYWJsZWRJbk5hcnJvdyI6ImF1dG8ifSwiY21kUHJpbnQiOnsiZW5hYmxlZCI6ImF1dG8iLCJlbmFibGVkSW5OYXJyb3ciOiJhdXRvIn0sImNtZFNpbmdsZVBhZ2UiOnsiZW5hYmxlZCI6ImF1dG8iLCJlbmFibGVkSW5OYXJyb3ciOiJhdXRvIiwiYWN0aXZlIjoiYXV0byIsImFjdGl2ZUZvck1vYmlsZSI6ImF1dG8ifSwid2lkVG9vbGJhciI6eyJlbmFibGVkIjoiYXV0byIsImVuYWJsZWRJbk5hcnJvdyI6ImF1dG8ifX19LCJhdXRvVGh1bWJuYWlsIjoiaHR0cHM6XC9cL3Zpc2l0YWx0b3RhbWVnYWViYXJyb3NvLnB0XC93cC1jb250ZW50XC91cGxvYWRzXC8zZC1mbGlwLWJvb2tcL2F1dG8tdGh1bWJuYWlsc1wvMTE4ODkucG5nIiwicG9zdF9uYW1lIjoibmV3c2xldHRlci1hbHRvLXRhbWVnYS10dXJpc21vLTQtMCIsInBvc3RfdHlwZSI6IjNkLWZsaXAtYm9vayJ9fSwicGFnZXMiOltdLCJmaXJzdFBhZ2VzIjpbXX0=');window.FB3D_CLIENT_LOCALE && window.FB3D_CLIENT_LOCALE.render();<\/script>[\/vc_column_text]<\/div><\/div>[\/vc_column][\/vc_row][vc_row][vc_column][vc_empty_space][\/vc_column][\/vc_row]<\/p>\n<\/div>","protected":false},"excerpt":{"rendered":"<p>[vc_row row_content_width=\u00a0\u00bbgrid\u00a0\u00bb css=\u00a0\u00bb.vc_custom_1502195385713{padding-top: 90px !important;padding-bottom: 90px !important;}\u00a0\u00bb][vc_column][vc_row_inner][vc_column_inner][vc_single_image image=\u00a0\u00bb8774&Prime; img_size=\u00a0\u00bbmedium\u00a0\u00bb][vc_column_text]Projet cofinanc\u00e9 par l&rsquo;UE Nom du projet | Alto T\u00e2mega Tourisme 4.0 Code du projet | NORTE-02-0853-FEDER-037651 Objectif principal| Renforcer la comp\u00e9titivit\u00e9 des petites et moyennes entreprises R\u00e9gion d&rsquo;intervention | NORD Entit\u00e9 [&hellip;]<\/p>\n","protected":false},"author":1,"featured_media":0,"parent":0,"menu_order":0,"comment_status":"closed","ping_status":"closed","template":"full-width.php","meta":[],"_links":{"self":[{"href":"https:\/\/visitaltotamegaebarroso.pt\/fr\/wp-json\/wp\/v2\/pages\/11934"}],"collection":[{"href":"https:\/\/visitaltotamegaebarroso.pt\/fr\/wp-json\/wp\/v2\/pages"}],"about":[{"href":"https:\/\/visitaltotamegaebarroso.pt\/fr\/wp-json\/wp\/v2\/types\/page"}],"author":[{"embeddable":true,"href":"https:\/\/visitaltotamegaebarroso.pt\/fr\/wp-json\/wp\/v2\/users\/1"}],"replies":[{"embeddable":true,"href":"https:\/\/visitaltotamegaebarroso.pt\/fr\/wp-json\/wp\/v2\/comments?post=11934"}],"version-history":[{"count":4,"href":"https:\/\/visitaltotamegaebarroso.pt\/fr\/wp-json\/wp\/v2\/pages\/11934\/revisions"}],"predecessor-version":[{"id":12382,"href":"https:\/\/visitaltotamegaebarroso.pt\/fr\/wp-json\/wp\/v2\/pages\/11934\/revisions\/12382"}],"wp:attachment":[{"href":"https:\/\/visitaltotamegaebarroso.pt\/fr\/wp-json\/wp\/v2\/media?parent=11934"}],"curies":[{"name":"wp","href":"https:\/\/api.w.org\/{rel}","templated":true}]}}