{"id":11928,"date":"2017-08-07T13:02:07","date_gmt":"2017-08-07T13:02:07","guid":{"rendered":"https:\/\/visitaltotamegaebarroso.pt\/alto-tamega-et-barroso\/"},"modified":"2023-06-22T22:32:58","modified_gmt":"2023-06-22T22:32:58","slug":"alto-tamega-et-barroso","status":"publish","type":"page","link":"https:\/\/visitaltotamegaebarroso.pt\/fr\/alto-tamega-et-barroso\/","title":{"rendered":"Alto T\u00e2mega et Barroso"},"content":{"rendered":"<div class=\"wpb-content-wrapper\"><p>[vc_row row_content_width=\u00a0\u00bbgrid\u00a0\u00bb css=\u00a0\u00bb.vc_custom_1502195385713{padding-top: 90px !important;padding-bottom: 90px !important;}\u00a0\u00bb][vc_column][vc_row_inner][vc_column_inner width=\u00a0\u00bb1\/2&Prime;][vc_single_image image=\u00a0\u00bb8602&Prime; img_size=\u00a0\u00bbfull\u00a0\u00bb alignment=\u00a0\u00bbcenter\u00a0\u00bb][\/vc_column_inner][vc_column_inner width=\u00a0\u00bb1\/2&Prime;][vc_column_text]La r\u00e9gion d&rsquo;Alto T\u00e2mega et Barroso, comprenant les municipalit\u00e9s de Boticas, Chaves, Montalegre, Ribeira de Pena, Valpa\u00e7os et Vila Pouca de Aguiar, couvre une superficie d&rsquo;environ 2 922 km2 et enregistr\u00e9e, selon les donn\u00e9es du Recensement 2021 de la National Institut de statistique (INE), une population r\u00e9sidente de 84 248 habitants, correspondant \u00e0 peu pr\u00e8s \u00e0 2,4% de la population de la r\u00e9gion nord du Portugal.<\/p>\n<p>Ce territoire est l&rsquo;une des vingt-trois Communaut\u00e9s Intercommunales (CIM) nationales, limitrophe de quatre autres CIM \u2013 C\u00e1vado, Ave, Douro et Terras de Tr\u00e1s-os-Montes \u2013 et au Nord avec l&rsquo;Espagne, ce qui place la r\u00e9gion dans une position privil\u00e9gi\u00e9e. .en vue des possibilit\u00e9s de promotion des relations transfrontali\u00e8res, notamment avec Orense.<\/p>\n<p>L&rsquo;activit\u00e9 agricole et l&rsquo;agro-industrie jouent un r\u00f4le majeur dans le panorama \u00e9conomique de ce territoire \u00e0 faible densit\u00e9. Les ressources endog\u00e8nes de qualit\u00e9 exceptionnelle constituent l&rsquo;un des facteurs de diff\u00e9renciation de ces municipalit\u00e9s, en mettant l&rsquo;accent sur les produits endog\u00e8nes de qualit\u00e9 reconnue, dont beaucoup sont garantis avec Appellation d&rsquo;Origine Prot\u00e9g\u00e9e (AOP) et Indication G\u00e9ographique Prot\u00e9g\u00e9e (IGP), parmi lesquels la viande, le miel , huile d&rsquo;olive, ch\u00e2taignes, pommes de terre, folar, produits fum\u00e9s et saucisses, entre autres.<\/p>\n<p>L&rsquo;activit\u00e9 touristique constitue un autre des paris strat\u00e9giques d&rsquo;Alto T\u00e2mega et Barroso, bas\u00e9 sur une offre de tourisme thermal et de tourisme dans les zones rurales (TER) qui compl\u00e8te la beaut\u00e9 naturelle de la r\u00e9gion, contextualis\u00e9e par de vastes zones d&rsquo;int\u00e9r\u00eat naturel et qui offrent un cadre privil\u00e9gi\u00e9 environnement en termes de biodiversit\u00e9 et de richesse paysag\u00e8re.<\/p>\n<p>De mani\u00e8re compl\u00e9mentaire, le patrimoine culturel joue \u00e9galement un r\u00f4le important dans le panorama touristique, \u00e9conomique et social de l&rsquo;Alto T\u00e2mega et du Barroso. Il convient de souligner dans ce cas les monuments nationaux de grand int\u00e9r\u00eat touristique, r\u00e9partis sur les six municipalit\u00e9s, ainsi que diverses manifestations culturelles telles que l&rsquo;artisanat et les traditions ethnographiques.[\/vc_column_text][\/vc_column_inner][\/vc_row_inner][\/vc_column][\/vc_row][vc_row][vc_column][vc_empty_space][\/vc_column][\/vc_row]<\/p>\n<\/div>","protected":false},"excerpt":{"rendered":"<p>[vc_row row_content_width=\u00a0\u00bbgrid\u00a0\u00bb css=\u00a0\u00bb.vc_custom_1502195385713{padding-top: 90px !important;padding-bottom: 90px !important;}\u00a0\u00bb][vc_column][vc_row_inner][vc_column_inner width=\u00a0\u00bb1\/2&Prime;][vc_single_image image=\u00a0\u00bb8602&Prime; img_size=\u00a0\u00bbfull\u00a0\u00bb alignment=\u00a0\u00bbcenter\u00a0\u00bb][\/vc_column_inner][vc_column_inner width=\u00a0\u00bb1\/2&Prime;][vc_column_text]La r\u00e9gion d&rsquo;Alto T\u00e2mega et Barroso, comprenant les municipalit\u00e9s de Boticas, Chaves, Montalegre, Ribeira de Pena, Valpa\u00e7os et Vila Pouca de Aguiar, couvre une superficie d&rsquo;environ 2 922 km2 [&hellip;]<\/p>\n","protected":false},"author":1,"featured_media":0,"parent":0,"menu_order":0,"comment_status":"closed","ping_status":"closed","template":"full-width.php","meta":[],"_links":{"self":[{"href":"https:\/\/visitaltotamegaebarroso.pt\/fr\/wp-json\/wp\/v2\/pages\/11928"}],"collection":[{"href":"https:\/\/visitaltotamegaebarroso.pt\/fr\/wp-json\/wp\/v2\/pages"}],"about":[{"href":"https:\/\/visitaltotamegaebarroso.pt\/fr\/wp-json\/wp\/v2\/types\/page"}],"author":[{"embeddable":true,"href":"https:\/\/visitaltotamegaebarroso.pt\/fr\/wp-json\/wp\/v2\/users\/1"}],"replies":[{"embeddable":true,"href":"https:\/\/visitaltotamegaebarroso.pt\/fr\/wp-json\/wp\/v2\/comments?post=11928"}],"version-history":[{"count":2,"href":"https:\/\/visitaltotamegaebarroso.pt\/fr\/wp-json\/wp\/v2\/pages\/11928\/revisions"}],"predecessor-version":[{"id":11930,"href":"https:\/\/visitaltotamegaebarroso.pt\/fr\/wp-json\/wp\/v2\/pages\/11928\/revisions\/11930"}],"wp:attachment":[{"href":"https:\/\/visitaltotamegaebarroso.pt\/fr\/wp-json\/wp\/v2\/media?parent=11928"}],"curies":[{"name":"wp","href":"https:\/\/api.w.org\/{rel}","templated":true}]}}