{"id":10849,"date":"2023-04-02T02:58:32","date_gmt":"2023-04-02T02:58:32","guid":{"rendered":"https:\/\/visitaltotamegaebarroso.pt\/alto-tamega-turismo-4-0\/"},"modified":"2023-06-23T08:35:40","modified_gmt":"2023-06-23T08:35:40","slug":"alto-tamega-turismo-4-0","status":"publish","type":"page","link":"https:\/\/visitaltotamegaebarroso.pt\/es\/alto-tamega-turismo-4-0\/","title":{"rendered":"Alto T\u00e2mega Turismo 4.0"},"content":{"rendered":"<div class=\"wpb-content-wrapper\"><p>[vc_row row_content_width=\u00bbgrid\u00bb css=\u00bb.vc_custom_1502195385713{padding-top: 90px !important;padding-bottom: 90px !important;}\u00bb][vc_column][vc_row_inner][vc_column_inner][vc_single_image image=\u00bb8774&#8243; img_size=\u00bbmedium\u00bb][vc_column_text]<strong>Proyecto cofinanciado por la UE<\/strong><\/p>\n<h4>T\u00edtulo del proyecto Alto T\u00e2mega Turismo 4.0<\/h4>\n<p><strong>C\u00f3digo del proyecto:<\/strong> NORTE-02-0853-FEDER-037651<\/p>\n<p><strong>Objetivo principal |<\/strong> Reforzar la competitividad de las peque\u00f1as y medianas empresas<\/p>\n<p><strong>Regi\u00f3n de Intervenci\u00f3n |<\/strong>NORTE<\/p>\n<p><strong>Entidad Beneficiaria |<\/strong> 515134465 &#8211; AQUAVALOR &#8211; Centro de Valorizaci\u00f3n y Transferencia de Tecnolog\u00eda del Agua (Coordinador) | 510957579 &#8211; CIMAT &#8211; Mancomunidad Intermunicipal del Alto T\u00e2mega | 510893678 &#8211; AECORGO &#8211; Asociaci\u00f3n Empresarial de Corgo<\/p>\n<p><strong>Fecha de aprobaci\u00f3n |<\/strong> 04-03-2021<\/p>\n<p><strong>Fecha de inicio |<\/strong> 01-09-2021<\/p>\n<p><strong>Fecha de conclusi\u00f3n |<\/strong> 30-04-2023<\/p>\n<p><strong>Inversi\u00f3n Total |<\/strong> 298 091,58 euros<\/p>\n<p><strong>Coste total subvencionable<\/strong> 298 091,58 euros<\/p>\n<p><strong>Ayuda financiera de la Uni\u00f3n Europea<\/strong> &#8211; FEDER &#8211; 253 377,84 euros<\/p>\n<p><strong>\u00a0<\/strong><\/p>\n<p><strong>Descripci\u00f3n<\/strong><\/p>\n<p>El Turismo es uno de los sectores cr\u00edticos para el desarrollo nacional y la regi\u00f3n del Alto T\u00e2mega es un ejemplo m\u00e1s de ello. El objetivo central del proyecto es reforzar la capacidad empresarial de los operadores tur\u00edsticos de la regi\u00f3n para el desarrollo de nuevos productos, servicios y procesos, estimul\u00e1ndolos al desarrollo de pr\u00e1cticas de gesti\u00f3n sostenibles e innovadoras, en sus dimensiones ambiental, social y econ\u00f3mica, con especial incidencia en las actividades enmarcadas en los dominios de especializaci\u00f3n inteligente &#8211; RIS3 de la Regi\u00f3n Norte. El proyecto pretende estimular estas entidades al desarrollo colaborativo y asociativo de actividades y proyectos innovadores, con vistas al desarrollo de nuevos bienes y servicios que conduzcan al aumento de la competitividad y de la capacidad de creaci\u00f3n de valor, promoviendo el crecimiento inteligente y sostenible. Este proyecto est\u00e1 alineado con las estrategias de desarrollo de los territorios de baja densidad, con especial atenci\u00f3n al apoyo a las PYMEs para aumentar las ganancias de competitividad basadas en los recursos end\u00f3genos del territorio. Siendo el Turismo uno de los sectores cr\u00edticos para el desarrollo del Alto T\u00e2mega, este proyecto pretende: a) capacitar a los operadores tur\u00edsticos para poder dar respuesta a los retos futuros del Turismo siempre en permanente alineaci\u00f3n con la estrategia regional para el sector; b) readaptar la plataforma visitaltotamega.com; y c) potenciar los resultados alcanzados por la consecuci\u00f3n de los objetivos anteriores a trav\u00e9s de la realizaci\u00f3n de un gran Foro internacional.<\/p>\n<p>&nbsp;<\/p>\n<p><strong>Proyecto cofinanciado por:<\/strong>[\/vc_column_text][vc_single_image image=\u00bb6309&#8243; img_size=\u00bb890&#215;115&#8243;][\/vc_column_inner][\/vc_row_inner]<div class=\"mkdf-tabs  mkdf-tabs-standard\">\n\t<ul class=\"mkdf-tabs-nav clearfix\">\n\t\t\t\t\t<li>\n\t\t\t\t\t\t\t\t\t<a href=\"#tab-documentacion\">Documentaci\u00f3n<\/a>\n\t\t\t\t\t\t\t<\/li>\n\t\t\t<\/ul>\n\t<div class=\"mkdf-tab-container\" id=\"tab-documentacion-860\">[vc_column_text]<div class=\"_3d-flip-book  fb3d-fullscreen-mode full-size\" data-id=\"11889\" data-mode=\"fullscreen\" data-title=\"false\" data-template=\"short-white-book-view\" data-lightbox=\"dark-shadow\" data-urlparam=\"fb3d-page\" data-page-n=\"0\" data-pdf=\"\" data-tax=\"null\" data-thumbnail=\"\" data-cols=\"3\" data-book-template=\"default\"><\/div><script type=\"text\/javascript\">window.FB3D_CLIENT_DATA = window.FB3D_CLIENT_DATA || [];window.FB3D_CLIENT_DATA.push('eyJwb3N0cyI6eyIxMTg4OSI6eyJJRCI6MTE4ODksInRpdGxlIjoiTmV3c2xldHRlciBBbHRvIFRcdTAwZTJtZWdhIFR1cmlzbW8gNC4wIiwidHlwZSI6InBkZiIsInJlYWR5X2Z1bmN0aW9uIjoiIiwiYm9va19zdHlsZSI6ImZsYXQiLCJib29rX3RlbXBsYXRlIjoibm9uZSIsIm91dGxpbmUiOltdLCJkYXRhIjp7InBvc3RfSUQiOiIxMTg5MCIsImd1aWQiOiJodHRwczpcL1wvdmlzaXRhbHRvdGFtZWdhZWJhcnJvc28ucHRcL3dwLWNvbnRlbnRcL3VwbG9hZHNcLzIwMjNcLzA1XC9uZXdzbGV0dGVyLXR1cmlzbW80LnBkZiIsInBkZl9wYWdlcyI6IjI2IiwicGFnZXNfY3VzdG9taXphdGlvbiI6Im5vbmUifSwidGh1bWJuYWlsIjp7ImRhdGEiOnsicG9zdF9JRCI6IjAifSwidHlwZSI6ImF1dG8ifSwicHJvcHMiOnsiYmFja2dyb3VuZENvbG9yIjoiYXV0byIsImJhY2tncm91bmRJbWFnZSI6ImF1dG8iLCJiYWNrZ3JvdW5kU3R5bGUiOiJhdXRvIiwiaGlnaGxpZ2h0TGlua3MiOiJhdXRvIiwibGlnaHRpbmciOiJhdXRvIiwiY2FjaGVkUGFnZXMiOiJhdXRvIiwicmVuZGVySW5hY3RpdmVQYWdlcyI6ImF1dG8iLCJyZW5kZXJJbmFjdGl2ZVBhZ2VzT25Nb2JpbGUiOiJhdXRvIiwicmVuZGVyV2hpbGVGbGlwcGluZyI6ImF1dG8iLCJwcmVsb2FkUGFnZXMiOiJhdXRvIiwiYXV0b1BsYXlEdXJhdGlvbiI6ImF1dG8iLCJydGwiOiJhdXRvIiwiaW50ZXJhY3RpdmVDb3JuZXJzIjoiYXV0byIsIm1heERlcHRoIjoiYXV0byIsInNoZWV0Ijp7InN0YXJ0VmVsb2NpdHkiOiJhdXRvIiwid2F2ZSI6ImF1dG8iLCJzaGFwZSI6ImF1dG8iLCJ3aWR0aFRleGVscyI6ImF1dG8iLCJjb2xvciI6ImF1dG8iLCJzaWRlIjoiYXV0byIsImNvcm5lckRldmlhdGlvbiI6ImF1dG8iLCJmbGV4aWJpbGl0eSI6ImF1dG8iLCJmbGV4aWJsZUNvcm5lciI6ImF1dG8iLCJiZW5kaW5nIjoiYXV0byIsImhlaWdodFRleGVscyI6ImF1dG8ifSwiY292ZXIiOnsid2F2ZSI6ImF1dG8iLCJjb2xvciI6ImF1dG8iLCJzaWRlIjoiYXV0byIsImJpbmRlclRleHR1cmUiOiJhdXRvIiwiZGVwdGgiOiJhdXRvIiwicGFkZGluZyI6ImF1dG8iLCJzdGFydFZlbG9jaXR5IjoiYXV0byIsImZsZXhpYmlsaXR5IjoiYXV0byIsImZsZXhpYmxlQ29ybmVyIjoiYXV0byIsImJlbmRpbmciOiJhdXRvIiwid2lkdGhUZXhlbHMiOiJhdXRvIiwiaGVpZ2h0VGV4ZWxzIjoiYXV0byIsIm1hc3MiOiJhdXRvIiwic2hhcGUiOiJhdXRvIn0sInBhZ2UiOnsid2F2ZSI6ImF1dG8iLCJjb2xvciI6ImF1dG8iLCJzaWRlIjoiYXV0byIsImRlcHRoIjoiYXV0byIsInN0YXJ0VmVsb2NpdHkiOiJhdXRvIiwiZmxleGliaWxpdHkiOiJhdXRvIiwiZmxleGlibGVDb3JuZXIiOiJhdXRvIiwiYmVuZGluZyI6ImF1dG8iLCJ3aWR0aFRleGVscyI6ImF1dG8iLCJoZWlnaHRUZXhlbHMiOiJhdXRvIiwibWFzcyI6ImF1dG8iLCJzaGFwZSI6ImF1dG8ifSwiaGVpZ2h0IjoiYXV0byIsIndpZHRoIjoiYXV0byIsImdyYXZpdHkiOiJhdXRvIiwicGFnZXNGb3JQcmVkaWN0aW5nIjoiYXV0byJ9LCJjb250cm9sUHJvcHMiOnsiYWN0aW9ucyI6eyJjbWRUb2MiOnsiZW5hYmxlZCI6ImF1dG8iLCJlbmFibGVkSW5OYXJyb3ciOiJhdXRvIiwiYWN0aXZlIjoiYXV0byIsImRlZmF1bHRUYWIiOiJhdXRvIn0sImNtZEF1dG9QbGF5Ijp7ImVuYWJsZWQiOiJhdXRvIiwiZW5hYmxlZEluTmFycm93IjoiYXV0byIsImFjdGl2ZSI6ImF1dG8ifSwiY21kU2F2ZSI6eyJlbmFibGVkIjoiYXV0byIsImVuYWJsZWRJbk5hcnJvdyI6ImF1dG8ifSwiY21kUHJpbnQiOnsiZW5hYmxlZCI6ImF1dG8iLCJlbmFibGVkSW5OYXJyb3ciOiJhdXRvIn0sImNtZFNpbmdsZVBhZ2UiOnsiZW5hYmxlZCI6ImF1dG8iLCJlbmFibGVkSW5OYXJyb3ciOiJhdXRvIiwiYWN0aXZlIjoiYXV0byIsImFjdGl2ZUZvck1vYmlsZSI6ImF1dG8ifSwid2lkVG9vbGJhciI6eyJlbmFibGVkIjoiYXV0byIsImVuYWJsZWRJbk5hcnJvdyI6ImF1dG8ifX19LCJhdXRvVGh1bWJuYWlsIjoiaHR0cHM6XC9cL3Zpc2l0YWx0b3RhbWVnYWViYXJyb3NvLnB0XC93cC1jb250ZW50XC91cGxvYWRzXC8zZC1mbGlwLWJvb2tcL2F1dG8tdGh1bWJuYWlsc1wvMTE4ODkucG5nIiwicG9zdF9uYW1lIjoibmV3c2xldHRlci1hbHRvLXRhbWVnYS10dXJpc21vLTQtMCIsInBvc3RfdHlwZSI6IjNkLWZsaXAtYm9vayJ9fSwicGFnZXMiOltdLCJmaXJzdFBhZ2VzIjpbXX0=');window.FB3D_CLIENT_LOCALE && window.FB3D_CLIENT_LOCALE.render();<\/script>[\/vc_column_text]<\/div><\/div>[\/vc_column][\/vc_row][vc_row][vc_column][vc_empty_space][\/vc_column][\/vc_row]<\/p>\n<\/div>","protected":false},"excerpt":{"rendered":"<p>[vc_row row_content_width=\u00bbgrid\u00bb css=\u00bb.vc_custom_1502195385713{padding-top: 90px !important;padding-bottom: 90px !important;}\u00bb][vc_column][vc_row_inner][vc_column_inner][vc_single_image image=\u00bb8774&#8243; img_size=\u00bbmedium\u00bb][vc_column_text]Proyecto cofinanciado por la UE T\u00edtulo del proyecto Alto T\u00e2mega Turismo 4.0 C\u00f3digo del proyecto: NORTE-02-0853-FEDER-037651 Objetivo principal | Reforzar la competitividad de las peque\u00f1as y medianas empresas Regi\u00f3n de Intervenci\u00f3n |NORTE [&hellip;]<\/p>\n","protected":false},"author":1,"featured_media":0,"parent":0,"menu_order":0,"comment_status":"closed","ping_status":"closed","template":"full-width.php","meta":[],"_links":{"self":[{"href":"https:\/\/visitaltotamegaebarroso.pt\/es\/wp-json\/wp\/v2\/pages\/10849"}],"collection":[{"href":"https:\/\/visitaltotamegaebarroso.pt\/es\/wp-json\/wp\/v2\/pages"}],"about":[{"href":"https:\/\/visitaltotamegaebarroso.pt\/es\/wp-json\/wp\/v2\/types\/page"}],"author":[{"embeddable":true,"href":"https:\/\/visitaltotamegaebarroso.pt\/es\/wp-json\/wp\/v2\/users\/1"}],"replies":[{"embeddable":true,"href":"https:\/\/visitaltotamegaebarroso.pt\/es\/wp-json\/wp\/v2\/comments?post=10849"}],"version-history":[{"count":7,"href":"https:\/\/visitaltotamegaebarroso.pt\/es\/wp-json\/wp\/v2\/pages\/10849\/revisions"}],"predecessor-version":[{"id":12380,"href":"https:\/\/visitaltotamegaebarroso.pt\/es\/wp-json\/wp\/v2\/pages\/10849\/revisions\/12380"}],"wp:attachment":[{"href":"https:\/\/visitaltotamegaebarroso.pt\/es\/wp-json\/wp\/v2\/media?parent=10849"}],"curies":[{"name":"wp","href":"https:\/\/api.w.org\/{rel}","templated":true}]}}