{"id":10827,"date":"2017-08-07T13:02:07","date_gmt":"2017-08-07T13:02:07","guid":{"rendered":"https:\/\/visitaltotamegaebarroso.pt\/alto-tamega-e-barroso\/"},"modified":"2023-04-21T11:33:26","modified_gmt":"2023-04-21T11:33:26","slug":"alto-tamega-e-barroso","status":"publish","type":"page","link":"https:\/\/visitaltotamegaebarroso.pt\/es\/alto-tamega-e-barroso\/","title":{"rendered":"Alto T\u00e2mega e Barroso"},"content":{"rendered":"<div class=\"wpb-content-wrapper\"><p>[vc_row row_content_width=\u00bbgrid\u00bb css=\u00bb.vc_custom_1502195385713{padding-top: 90px !important;padding-bottom: 90px !important;}\u00bb][vc_column][vc_row_inner][vc_column_inner width=\u00bb1\/2&#8243;][vc_single_image image=\u00bb8602&#8243; img_size=\u00bbfull\u00bb alignment=\u00bbcenter\u00bb][\/vc_column_inner][vc_column_inner width=\u00bb1\/2&#8243;][vc_column_text]La regi\u00f3n de Alto T\u00e2mega e Barroso, constituida por los municipios de Boticas, Chaves, Montalegre, Ribeira de Pena, Valpa\u00e7os y Vila Pouca de Aguiar cubre un \u00e1rea de aproximadamente 2 922 km2 y registra, seg\u00fan los datos del Censo 2021 del Instituto Nacional de Estad\u00edstica (INE), una poblaci\u00f3n residente de 84 248 habitantes, correspondiendo sensiblemente al 2,4% de la poblaci\u00f3n de la regi\u00f3n Norte de Portugal.<\/p>\n<p>Este territorio constituye una de las veintitr\u00e9s Comunidades Intermunicipales (CIM) nacionales, limitando con otras cuatro CIM &#8211; C\u00e1vado, Ave, Douro y Terras de Tr\u00e1s-os-Montes &#8211; y al Norte con Espa\u00f1a, lo que sit\u00faa a la regi\u00f3n en una posici\u00f3n privilegiada de cara a las posibilidades de fomentar las relaciones transfronterizas, especialmente con Orense.<\/p>\n<p>La agricultura y la agroindustria desempe\u00f1an un papel muy importante en el panorama econ\u00f3mico de este territorio de baja densidad. Los recursos end\u00f3genos de calidad sobresaliente constituyen uno de los factores diferenciadores de estos municipios, destacando productos end\u00f3genos de calidad reconocida, muchos de ellos con garant\u00eda de Denominaci\u00f3n de Origen Protegida (DOP) e Indicaci\u00f3n Geogr\u00e1fica Protegida (IGP), entre los que destacan la carne, la miel, el aceite de oliva, las casta\u00f1as, las patatas, el folar, los ahumados y los embutidos, entre otros.<\/p>\n<p>La actividad tur\u00edstica se constituye como otra de las apuestas estrat\u00e9gicas del Alto T\u00e2mega e Barroso, basada en una oferta de turismo termal y turismo en el espacio rural (TER) que complementa la belleza natural de la regi\u00f3n, contextualizada por grandes \u00e1reas de inter\u00e9s natural y que le confiere un encuadramiento privilegiado en t\u00e9rminos de biodiversidad y riqueza paisaj\u00edstica.<\/p>\n<p>Complementariamente, tambi\u00e9n el patrimonio cultural presenta un papel relevante en el panorama tur\u00edstico, econ\u00f3mico y social del Alto T\u00e2mega e Barroso. En este caso son de destacar los monumentos nacionales con gran inter\u00e9s tur\u00edstico, repartidos por los seis municipios, as\u00ed como diversas manifestaciones culturales como la artesan\u00eda y las tradiciones etnogr\u00e1ficas.[\/vc_column_text][\/vc_column_inner][\/vc_row_inner][\/vc_column][\/vc_row][vc_row][vc_column][vc_empty_space][\/vc_column][\/vc_row]<\/p>\n<\/div>","protected":false},"excerpt":{"rendered":"<p>[vc_row row_content_width=\u00bbgrid\u00bb css=\u00bb.vc_custom_1502195385713{padding-top: 90px !important;padding-bottom: 90px !important;}\u00bb][vc_column][vc_row_inner][vc_column_inner width=\u00bb1\/2&#8243;][vc_single_image image=\u00bb8602&#8243; img_size=\u00bbfull\u00bb alignment=\u00bbcenter\u00bb][\/vc_column_inner][vc_column_inner width=\u00bb1\/2&#8243;][vc_column_text]La regi\u00f3n de Alto T\u00e2mega e Barroso, constituida por los municipios de Boticas, Chaves, Montalegre, Ribeira de Pena, Valpa\u00e7os y Vila Pouca de Aguiar cubre un \u00e1rea de aproximadamente [&hellip;]<\/p>\n","protected":false},"author":1,"featured_media":0,"parent":0,"menu_order":0,"comment_status":"closed","ping_status":"closed","template":"full-width.php","meta":[],"_links":{"self":[{"href":"https:\/\/visitaltotamegaebarroso.pt\/es\/wp-json\/wp\/v2\/pages\/10827"}],"collection":[{"href":"https:\/\/visitaltotamegaebarroso.pt\/es\/wp-json\/wp\/v2\/pages"}],"about":[{"href":"https:\/\/visitaltotamegaebarroso.pt\/es\/wp-json\/wp\/v2\/types\/page"}],"author":[{"embeddable":true,"href":"https:\/\/visitaltotamegaebarroso.pt\/es\/wp-json\/wp\/v2\/users\/1"}],"replies":[{"embeddable":true,"href":"https:\/\/visitaltotamegaebarroso.pt\/es\/wp-json\/wp\/v2\/comments?post=10827"}],"version-history":[{"count":2,"href":"https:\/\/visitaltotamegaebarroso.pt\/es\/wp-json\/wp\/v2\/pages\/10827\/revisions"}],"predecessor-version":[{"id":10829,"href":"https:\/\/visitaltotamegaebarroso.pt\/es\/wp-json\/wp\/v2\/pages\/10827\/revisions\/10829"}],"wp:attachment":[{"href":"https:\/\/visitaltotamegaebarroso.pt\/es\/wp-json\/wp\/v2\/media?parent=10827"}],"curies":[{"name":"wp","href":"https:\/\/api.w.org\/{rel}","templated":true}]}}