{"id":10822,"date":"2023-04-01T03:43:24","date_gmt":"2023-04-01T03:43:24","guid":{"rendered":"https:\/\/visitaltotamegaebarroso.pt\/como-llegar\/"},"modified":"2023-06-22T22:28:52","modified_gmt":"2023-06-22T22:28:52","slug":"como-llegar","status":"publish","type":"page","link":"https:\/\/visitaltotamegaebarroso.pt\/es\/como-llegar\/","title":{"rendered":"C\u00f3mo llegar"},"content":{"rendered":"<div class=\"wpb-content-wrapper\"><p>[vc_row row_content_width=\u00bbgrid\u00bb css=\u00bb.vc_custom_1502195385713{padding-top: 90px !important;padding-bottom: 90px !important;}\u00bb][vc_column][vc_row_inner][vc_column_inner width=\u00bb1\/2&#8243;][vc_column_text]El Alto T\u00e2mega se caracteriza por ser una regi\u00f3n con distancias significativas entre los principales n\u00facleos de poblaci\u00f3n, con poblaciones geogr\u00e1ficamente dispersas, pero de poblaci\u00f3n tradicionalmente concentrada. Los problemas de accesibilidad al exterior de la regi\u00f3n fueron resueltos en gran escala con la construcci\u00f3n de los nuevos ejes viarios (A24, A7 y conexi\u00f3n directa con la A4). Tambi\u00e9n existe un enlace directo desde la A24 a la autopista A75 en Galicia, que a su vez conecta con la A52 (autopista de las R\u00edas Baixas).<\/p>\n<p>La red interna de comunicaciones por carretera ha mejorado, aunque se ha producido un nuevo aumento del uso de las rutas tradicionales debido al mayor coste de la conducci\u00f3n por la A24. Adem\u00e1s del efecto de la introducci\u00f3n de los peajes, el tr\u00e1fico en estas autopistas tambi\u00e9n ha sufrido el efecto de la actual situaci\u00f3n econ\u00f3mica y financiera, que afecta a ciudadanos y empresas y se refleja, de forma generalizada, en la evoluci\u00f3n de los vol\u00famenes de tr\u00e1fico a nivel nacional.<\/p>\n<p>Las conexiones por carretera, a trav\u00e9s de las autopistas, permiten tambi\u00e9n la conexi\u00f3n directa con otras infraestructuras de transporte relevantes en el Norte de Portugal (Puerto de Leix\u00f5es y Aeropuerto S\u00e1 Carneiro) y Galicia (Puerto de Vigo, Aeropuerto de Vigo y Santiago de Compostela), en un radio de 200 km.<\/p>\n<section id=\"elm-text-_e3f619d1245826-main\" class=\"elm-main elm-text-main load-finished\">\n<div class=\"elm-wrapper elm-text-wrapper\">\n<div id=\"elm-text-_e3f619d1245826\" class=\"elm-text\">\n<div class=\"entry-content\">\n<p>&nbsp;<\/p>\n<\/div>\n<\/div>\n<\/div>\n<\/section>\n<p>[\/vc_column_text][\/vc_column_inner][vc_column_inner width=\u00bb1\/2&#8243;][vc_single_image image=\u00bb8623&#8243; img_size=\u00bbfull\u00bb alignment=\u00bbcenter\u00bb][\/vc_column_inner][\/vc_row_inner][vc_row_inner][vc_column_inner width=\u00bb1\/2&#8243;][vc_column_text]<\/p>\n<h5>Aeropuertos<\/h5>\n<p><strong>Aeropuerto S\u00e1 Carneiro (Oporto)<\/strong> \u2013 148 km (1h50 por la\u00a0 A24)<\/p>\n<p><strong>Aeropuerto de Lisboa<\/strong> \u2013 432 km (4h46 pela IP3) 461 km (5h00 por la\u00a0 A17 e A8)<\/p>\n<p><strong>Aeropuerto de Vigo<\/strong> \u2013 190 km (2h12 por la\u00a0 A52)<\/p>\n<p><strong>Aeropuerto de Santiago de Compostela<\/strong> \u2013 204 km (2h17 por la\u00a0 A-52 e AP-53)<\/p>\n<p><strong>Aeropuerto de Madrid<\/strong> \u2013 463km (4h54 por la\u00a0 A-75)[\/vc_column_text][\/vc_column_inner][vc_column_inner width=\u00bb1\/2&#8243; css=\u00bb.vc_custom_1680340648182{margin-left: 10% !important;}\u00bb][vc_column_text]<\/p>\n<h5><strong>Google Maps<\/strong><\/h5>\n<p><a href=\"https:\/\/www.google.com\/maps\/dir\/\/Boticas\/@41.6984712,-7.7061082,13z\/data=!4m8!4m7!1m0!1m5!1m1!1s0xd3ad65a1bed378f:0x500ebbde4911bc0!2m2!1d-7.6710889!2d41.6984124?hl=pt-PT\" target=\"_blank\" rel=\"noopener\">De Navegar a Boticas<\/a><\/p>\n<p><a href=\"https:\/\/www.google.com\/maps\/dir\/\/Chaves\/@41.7411173,-7.5056239,13z\/data=!4m8!4m7!1m0!1m5!1m1!1s0xd3ade6620f62dad:0x672378b8a643288d!2m2!1d-7.4706046!2d41.7410586?hl=pt-PT\" target=\"_blank\" rel=\"noopener\">De Navegar a Chaves<\/a><\/p>\n<p><a href=\"https:\/\/www.google.com\/maps\/dir\/\/Montalegre\/@41.8254696,-7.8236282,13z\/data=!4m8!4m7!1m0!1m5!1m1!1s0xd252c38a346ad45:0x400ebbde4903c80!2m2!1d-7.7886089!2d41.825411?hl=pt-PT\" target=\"_blank\" rel=\"noopener\">De Navegar a Montalegre<\/a><\/p>\n<p><a href=\"https:\/\/www.google.com\/maps\/dir\/\/Ribeira+de+Pena\/@41.5199601,-7.8288703,13z\/data=!4m8!4m7!1m0!1m5!1m1!1s0xd24d2c52f4332e5:0xdbd04c30f5bee01b!2m2!1d-7.793851!2d41.5199011?hl=pt-PT\" target=\"_blank\" rel=\"noopener\">De Navegar a Ribeira de Pena<\/a><\/p>\n<p><a href=\"https:\/\/www.google.com\/maps\/dir\/\/Valpa%C3%A7os\/@41.607027,-7.3454676,13z\/data=!4m8!4m7!1m0!1m5!1m1!1s0xd3b1c02773f9a93:0x400ebbde4903ce0!2m2!1d-7.3104483!2d41.6069681?hl=pt-PT\" target=\"_blank\" rel=\"noopener\">De Navegar a Valpa\u00e7os<\/a><\/p>\n<p><a href=\"https:\/\/www.google.com\/maps\/dir\/\/Vila+Pouca+de+Aguiar\/@41.5002977,-7.6782511,13z\/data=!4m8!4m7!1m0!1m5!1m1!1s0xd3b30192eadea2d:0xb8333b991faeae42!2m2!1d-7.6432318!2d41.5002387?hl=pt-PT\" target=\"_blank\" rel=\"noopener\">De Navegar a Vila Pouca de Aguiar<\/a>[\/vc_column_text][\/vc_column_inner][\/vc_row_inner][\/vc_column][\/vc_row][vc_row][vc_column][vc_empty_space][\/vc_column][\/vc_row]<\/p>\n<\/div>","protected":false},"excerpt":{"rendered":"<p>[vc_row row_content_width=\u00bbgrid\u00bb css=\u00bb.vc_custom_1502195385713{padding-top: 90px !important;padding-bottom: 90px !important;}\u00bb][vc_column][vc_row_inner][vc_column_inner width=\u00bb1\/2&#8243;][vc_column_text]El Alto T\u00e2mega se caracteriza por ser una regi\u00f3n con distancias significativas entre los principales n\u00facleos de poblaci\u00f3n, con poblaciones geogr\u00e1ficamente dispersas, pero de poblaci\u00f3n tradicionalmente concentrada. Los problemas de accesibilidad al exterior [&hellip;]<\/p>\n","protected":false},"author":1,"featured_media":0,"parent":0,"menu_order":0,"comment_status":"closed","ping_status":"closed","template":"full-width.php","meta":[],"_links":{"self":[{"href":"https:\/\/visitaltotamegaebarroso.pt\/es\/wp-json\/wp\/v2\/pages\/10822"}],"collection":[{"href":"https:\/\/visitaltotamegaebarroso.pt\/es\/wp-json\/wp\/v2\/pages"}],"about":[{"href":"https:\/\/visitaltotamegaebarroso.pt\/es\/wp-json\/wp\/v2\/types\/page"}],"author":[{"embeddable":true,"href":"https:\/\/visitaltotamegaebarroso.pt\/es\/wp-json\/wp\/v2\/users\/1"}],"replies":[{"embeddable":true,"href":"https:\/\/visitaltotamegaebarroso.pt\/es\/wp-json\/wp\/v2\/comments?post=10822"}],"version-history":[{"count":4,"href":"https:\/\/visitaltotamegaebarroso.pt\/es\/wp-json\/wp\/v2\/pages\/10822\/revisions"}],"predecessor-version":[{"id":10826,"href":"https:\/\/visitaltotamegaebarroso.pt\/es\/wp-json\/wp\/v2\/pages\/10822\/revisions\/10826"}],"wp:attachment":[{"href":"https:\/\/visitaltotamegaebarroso.pt\/es\/wp-json\/wp\/v2\/media?parent=10822"}],"curies":[{"name":"wp","href":"https:\/\/api.w.org\/{rel}","templated":true}]}}