{"id":10817,"date":"2017-08-08T07:54:16","date_gmt":"2017-08-08T07:54:16","guid":{"rendered":"https:\/\/visitaltotamegaebarroso.pt\/contacto\/"},"modified":"2023-06-22T23:27:44","modified_gmt":"2023-06-22T23:27:44","slug":"contacto","status":"publish","type":"page","link":"https:\/\/visitaltotamegaebarroso.pt\/es\/contacto\/","title":{"rendered":"Contacto"},"content":{"rendered":"<div class=\"wpb-content-wrapper\"><p>[vc_row css=\u00bb.vc_custom_1504083448807{padding-top: 82px !important;padding-bottom: 85px !important;}\u00bb][vc_column]<div class=\"mkdf-elements-holder   mkdf-two-columns  mkdf-responsive-mode-1024 \" ><div class=\"mkdf-eh-item   mkdf-horizontal-alignment-right \"  data-item-class=\"mkdf-eh-custom-9236\" data-1280-1600=\"0 5% 29px 16%\" data-1024-1280=\"0 8% 29px 8%\" data-768-1024=\"0 15% 29px 25%\" data-680-768=\"0 8% 29px 20%\" data-680=\"0 9% 29px 3%\">\n\t<div class=\"mkdf-eh-item-inner\">\n\t\t<div class=\"mkdf-eh-item-content mkdf-eh-custom-9236\" style=\"padding: 0 5% 29px 30%\">\n\t\t\t[vc_column_text]<\/p>\n<h3 style=\"text-align: right;\">\u00bfNecesita ayuda o informaci\u00f3n adicional? Hable con nosotros.<\/h3>\n<p>[\/vc_column_text][vc_column_text]<\/p>\n<h5 style=\"text-align: right; line-height: 28px;\">Oficina de Turismo de Alto T\u00e2mega e Barroso<\/h5>\n<p style=\"text-align: right; line-height: 28px;\">Alameda Tabolado n\u00aa1 , Chaves<br \/>\ne-mail: <a href=\"mailto:turismo@cimat.pt\">turismo@cimat.pt<\/a><br \/>\ntel.: +351 276 009 146<\/p>\n<p>[\/vc_column_text][vc_empty_space]    <span class=\"mkdf-icon-shortcode mkdf-normal   \" style=\"margin: 0 30px 0 0\" data-hover-color=\"#ff681a\" data-color=\"#303030\">\n                    <a itemprop=\"url\" class=\"\" href=\"https:\/\/www.facebook.com\/visitaltotamega\/\" target=\"_blank\">\n                    <span aria-hidden=\"true\" class=\"mkdf-icon-font-elegant social_facebook mkdf-icon-element\" style=\"color: #303030;font-size:15px\" ><\/span>\n            \n                    <\/a>\n            <\/span>\n    <span class=\"mkdf-icon-shortcode mkdf-normal   \" style=\"margin: 0 30px 0 0\" data-hover-color=\"#ff681a\" data-color=\"#303030\">\n                    <a itemprop=\"url\" class=\"\" href=\"https:\/\/www.instagram.com\/visitaltotamega\" target=\"_blank\">\n                    <span aria-hidden=\"true\" class=\"mkdf-icon-font-elegant social_instagram mkdf-icon-element\" style=\"color: #303030;font-size:15px\" ><\/span>\n            \n                    <\/a>\n            <\/span>\n\t\t<\/div>\n\t<\/div>\n<\/div><div class=\"mkdf-eh-item    \"  data-item-class=\"mkdf-eh-custom-1549\" data-1024-1280=\"25px 12% 0 0\" data-768-1024=\"25px 15% 0 15%\" data-680-768=\"25px 8% 0\" data-680=\"25px 8% 0\">\n\t<div class=\"mkdf-eh-item-inner\">\n\t\t<div class=\"mkdf-eh-item-content mkdf-eh-custom-1549\" style=\"padding: 25px 20% 0 0\">\n\t\t\t\n<div class=\"wpcf7 no-js\" id=\"wpcf7-f10864-o1\" lang=\"es-ES\" dir=\"ltr\">\n<div class=\"screen-reader-response\"><p role=\"status\" aria-live=\"polite\" aria-atomic=\"true\"><\/p> <ul><\/ul><\/div>\n<form action=\"\/es\/wp-json\/wp\/v2\/pages\/10817#wpcf7-f10864-o1\" method=\"post\" class=\"wpcf7-form init\" aria-label=\"Formulario de contacto\" novalidate=\"novalidate\" data-status=\"init\">\n<div style=\"display: none;\">\n<input type=\"hidden\" name=\"_wpcf7\" value=\"10864\" \/>\n<input type=\"hidden\" name=\"_wpcf7_version\" value=\"5.8.2\" \/>\n<input type=\"hidden\" name=\"_wpcf7_locale\" value=\"es_ES\" \/>\n<input type=\"hidden\" name=\"_wpcf7_unit_tag\" value=\"wpcf7-f10864-o1\" \/>\n<input type=\"hidden\" name=\"_wpcf7_container_post\" value=\"0\" \/>\n<input type=\"hidden\" name=\"_wpcf7_posted_data_hash\" value=\"\" \/>\n<\/div>\n<div class=\"mkdf-two-columns-form-without-space\">\n\t<div class=\"mkdf-grid-col-6\">\n\t\t<p><span class=\"wpcf7-form-control-wrap\" data-name=\"your-name\"><input size=\"40\" class=\"wpcf7-form-control wpcf7-text\" aria-invalid=\"false\" placeholder=\"Nombre\" value=\"\" type=\"text\" name=\"your-name\" \/><\/span>\n\t\t<\/p>\n\t<\/div>\n\t<div class=\"mkdf-grid-col-6\">\n\t\t<p><span class=\"wpcf7-form-control-wrap\" data-name=\"your-email\"><input size=\"40\" class=\"wpcf7-form-control wpcf7-text wpcf7-validates-as-required\" aria-required=\"true\" aria-invalid=\"false\" placeholder=\"Correo electr\u00f3nico*\" value=\"\" type=\"text\" name=\"your-email\" \/><\/span>\n\t\t<\/p>\n\t<\/div>\n\t<div class=\"mkdf-grid-col-12\">\n\t\t<p><span class=\"wpcf7-form-control-wrap\" data-name=\"your-subject\"><input size=\"40\" class=\"wpcf7-form-control wpcf7-text wpcf7-validates-as-required\" aria-required=\"true\" aria-invalid=\"false\" placeholder=\"Asunto\" value=\"\" type=\"text\" name=\"your-subject\" \/><\/span>\n\t\t<\/p>\n\t<\/div>\n\t<div class=\"mkdf-grid-col-12\">\n\t\t<p><span class=\"wpcf7-form-control-wrap\" data-name=\"your-message\"><textarea cols=\"40\" rows=\"10\" class=\"wpcf7-form-control wpcf7-textarea wpcf7-validates-as-required\" aria-required=\"true\" aria-invalid=\"false\" placeholder=\"Mensaje\" name=\"your-message\"><\/textarea><\/span><br \/>\n<input class=\"wpcf7-form-control wpcf7-submit has-spinner mkdf-cf7-full-width\" type=\"submit\" value=\"Enviar\" \/>\n\t\t<\/p>\n\t<\/div>\n<\/div><div class=\"wpcf7-response-output\" aria-hidden=\"true\"><\/div>\n<\/form>\n<\/div>\n\t\t<\/div>\n\t<\/div>\n<\/div><\/div>[\/vc_column][\/vc_row][vc_row][vc_column][vc_raw_html]JTNDaWZyYW1lJTIwc3JjJTNEJTIyaHR0cHMlM0ElMkYlMkZ3d3cuZ29vZ2xlLmNvbSUyRm1hcHMlMkZlbWJlZCUzRnBiJTNEJTIxMW0xOCUyMTFtMTIlMjExbTMlMjExZDI5NzcuMTc4NDA3NTAyNTg3JTIxMmQtNy40NzM5Mzg4MjQxNjExOTglMjEzZDQxLjczODI0NDU3NDE1OTM1JTIxMm0zJTIxMWYwJTIxMmYwJTIxM2YwJTIxM20yJTIxMWkxMDI0JTIxMmk3NjglMjE0ZjEzLjElMjEzbTMlMjExbTIlMjExczB4ZDNhZGZiZGNjNzAyNmY3JTI1M0EweDVmYTYzZjI2OTIxNjY1MjklMjEyc1Bvc3RvJTI1MjBkZSUyNTIwVHVyaXNtbyUyNTIwZG8lMjUyMEFsdG8lMjUyMFQlMjVDMyUyNUEybWVnYSUyNTIwZSUyNTIwQmFycm9zbyUyMTVlMCUyMTNtMiUyMTFzcHQtUFQlMjEyc3B0JTIxNHYxNjg3NDczNTUzOTk3JTIxNW0yJTIxMXNwdC1QVCUyMTJzcHQlMjIlMjB3aWR0aCUzRCUyMjEwMCUyNSUyMiUyMGhlaWdodCUzRCUyMjYwMCUyMiUyMHN0eWxlJTNEJTIyYm9yZGVyJTNBMCUzQiUyMiUyMGFsbG93ZnVsbHNjcmVlbiUzRCUyMiUyMiUyMGxvYWRpbmclM0QlMjJsYXp5JTIyJTIwcmVmZXJyZXJwb2xpY3klM0QlMjJuby1yZWZlcnJlci13aGVuLWRvd25ncmFkZSUyMiUzRSUzQyUyRmlmcmFtZSUzRQ==[\/vc_raw_html][\/vc_column][\/vc_row][vc_row][vc_column][vc_empty_space][\/vc_column][\/vc_row][vc_row][vc_column width=\u00bb1\/2&#8243;][vc_column_text]<\/p>\n<h3 style=\"text-align: right;\">Suscr\u00edbase a nuestro bolet\u00edn<\/h3>\n<h5 style=\"text-align: right;\">Mant\u00e9ngase al d\u00eda de todas las noticias de Alto T\u00e2mega e Barroso<\/h5>\n<p>[\/vc_column_text][\/vc_column][vc_column width=\u00bb1\/2&#8243; css=\u00bb.vc_custom_1680475059205{padding-left: 10% !important;}\u00bb][vc_raw_html]W21jNHdwX2Zvcm0gaWQ9OTU0OV0=[\/vc_raw_html][\/vc_column][\/vc_row][vc_row][vc_column][vc_empty_space][\/vc_column][\/vc_row]<\/p>\n<\/div>","protected":false},"excerpt":{"rendered":"<p>[vc_row css=\u00bb.vc_custom_1504083448807{padding-top: 82px !important;padding-bottom: 85px !important;}\u00bb][vc_column][\/vc_column][\/vc_row][vc_row][vc_column][vc_raw_html]JTNDaWZyYW1lJTIwc3JjJTNEJTIyaHR0cHMlM0ElMkYlMkZ3d3cuZ29vZ2xlLmNvbSUyRm1hcHMlMkZlbWJlZCUzRnBiJTNEJTIxMW0xOCUyMTFtMTIlMjExbTMlMjExZDI5NzcuMTc4NDA3NTAyNTg3JTIxMmQtNy40NzM5Mzg4MjQxNjExOTglMjEzZDQxLjczODI0NDU3NDE1OTM1JTIxMm0zJTIxMWYwJTIxMmYwJTIxM2YwJTIxM20yJTIxMWkxMDI0JTIxMmk3NjglMjE0ZjEzLjElMjEzbTMlMjExbTIlMjExczB4ZDNhZGZiZGNjNzAyNmY3JTI1M0EweDVmYTYzZjI2OTIxNjY1MjklMjEyc1Bvc3RvJTI1MjBkZSUyNTIwVHVyaXNtbyUyNTIwZG8lMjUyMEFsdG8lMjUyMFQlMjVDMyUyNUEybWVnYSUyNTIwZSUyNTIwQmFycm9zbyUyMTVlMCUyMTNtMiUyMTFzcHQtUFQlMjEyc3B0JTIxNHYxNjg3NDczNTUzOTk3JTIxNW0yJTIxMXNwdC1QVCUyMTJzcHQlMjIlMjB3aWR0aCUzRCUyMjEwMCUyNSUyMiUyMGhlaWdodCUzRCUyMjYwMCUyMiUyMHN0eWxlJTNEJTIyYm9yZGVyJTNBMCUzQiUyMiUyMGFsbG93ZnVsbHNjcmVlbiUzRCUyMiUyMiUyMGxvYWRpbmclM0QlMjJsYXp5JTIyJTIwcmVmZXJyZXJwb2xpY3klM0QlMjJuby1yZWZlcnJlci13aGVuLWRvd25ncmFkZSUyMiUzRSUzQyUyRmlmcmFtZSUzRQ==[\/vc_raw_html][\/vc_column][\/vc_row][vc_row][vc_column][vc_empty_space][\/vc_column][\/vc_row][vc_row][vc_column width=\u00bb1\/2&#8243;][vc_column_text] Suscr\u00edbase a nuestro bolet\u00edn Mant\u00e9ngase al d\u00eda de todas las noticias de Alto T\u00e2mega e Barroso [\/vc_column_text][\/vc_column][vc_column width=\u00bb1\/2&#8243; css=\u00bb.vc_custom_1680475059205{padding-left: 10% !important;}\u00bb][vc_raw_html]W21jNHdwX2Zvcm0gaWQ9OTU0OV0=[\/vc_raw_html][\/vc_column][\/vc_row][vc_row][vc_column][vc_empty_space][\/vc_column][\/vc_row]<\/p>\n","protected":false},"author":1,"featured_media":0,"parent":0,"menu_order":0,"comment_status":"closed","ping_status":"closed","template":"full-width.php","meta":[],"_links":{"self":[{"href":"https:\/\/visitaltotamegaebarroso.pt\/es\/wp-json\/wp\/v2\/pages\/10817"}],"collection":[{"href":"https:\/\/visitaltotamegaebarroso.pt\/es\/wp-json\/wp\/v2\/pages"}],"about":[{"href":"https:\/\/visitaltotamegaebarroso.pt\/es\/wp-json\/wp\/v2\/types\/page"}],"author":[{"embeddable":true,"href":"https:\/\/visitaltotamegaebarroso.pt\/es\/wp-json\/wp\/v2\/users\/1"}],"replies":[{"embeddable":true,"href":"https:\/\/visitaltotamegaebarroso.pt\/es\/wp-json\/wp\/v2\/comments?post=10817"}],"version-history":[{"count":6,"href":"https:\/\/visitaltotamegaebarroso.pt\/es\/wp-json\/wp\/v2\/pages\/10817\/revisions"}],"predecessor-version":[{"id":12357,"href":"https:\/\/visitaltotamegaebarroso.pt\/es\/wp-json\/wp\/v2\/pages\/10817\/revisions\/12357"}],"wp:attachment":[{"href":"https:\/\/visitaltotamegaebarroso.pt\/es\/wp-json\/wp\/v2\/media?parent=10817"}],"curies":[{"name":"wp","href":"https:\/\/api.w.org\/{rel}","templated":true}]}}