{"id":10812,"date":"2023-04-03T01:14:44","date_gmt":"2023-04-03T00:14:44","guid":{"rendered":"https:\/\/visitaltotamegaebarroso.pt\/donde-dormir\/"},"modified":"2025-04-29T22:45:46","modified_gmt":"2025-04-29T21:45:46","slug":"donde-dormir","status":"publish","type":"page","link":"https:\/\/visitaltotamegaebarroso.pt\/es\/donde-dormir\/","title":{"rendered":"D\u00f3nde dormir"},"content":{"rendered":"<div class=\"wpb-content-wrapper\"><p>[vc_row row_content_width=\u00bbgrid\u00bb css=\u00bb.vc_custom_1502195385713{padding-top: 90px !important;padding-bottom: 90px !important;}\u00bb][vc_column]<div class=\"mkdf-elements-holder   mkdf-two-columns  mkdf-responsive-mode-1024 \" ><div class=\"mkdf-eh-item    \"  data-item-class=\"mkdf-eh-custom-3170\"     >\n\t<div class=\"mkdf-eh-item-inner\">\n\t\t<div class=\"mkdf-eh-item-content mkdf-eh-custom-3170\" style=\"padding: 25px 0px 25px\">\n\t\t\t[vc_single_image image=\u00bb9776&#8243; img_size=\u00bbfull\u00bb]\t\t<\/div>\n\t<\/div>\n<\/div><div class=\"mkdf-eh-item    \"  data-item-class=\"mkdf-eh-custom-6203\" data-1280-1600=\"0 0 30px 65px\" data-1024-1280=\"0 0 40px 50px\" data-768-1024=\"20px 23% 0px 0%\" data-680-768=\"20px 6% 0px 0%\" data-680=\"20px 0% 0px 0%\">\n\t<div class=\"mkdf-eh-item-inner\">\n\t\t<div class=\"mkdf-eh-item-content mkdf-eh-custom-6203\" style=\"padding: 0 0 30px 50px\">\n\t\t\t[vc_column_text]<\/p>\n<h2>Dormir en Alto T\u00e2mega e Barroso<\/h2>\n<p>[\/vc_column_text]<h2 class=\"mkdf-custom-font-holder  mkdf-cf-1827  \" style=\"font-family: Playfair Display;font-size: 25px;line-height: 28px;font-weight: 400;font-style: italic;text-align: left;color: #1a9cd9;margin: 0 0 0 0\" data-item-class=\"mkdf-cf-1827\">\n\tPerca-se de amores pelo Alto T\u00e2mega e Barroso<\/h2>[vc_empty_space height=\u00bb10px\u00bb][vc_column_text]\u00bbUna noche de noviembre nevaba, y los aspectos del cielo profundamente fr\u00edo ten\u00edan algunas estrellas parpadeantes y l\u00facidas, y una alegre luz de luna que daba a las concavidades nevadas la n\u00edtida claridad de unos lagos de plata fundida.\u00bb &#8211; Camilo Castelo Branco<\/p>\n<h5><\/h5>\n<p>[\/vc_column_text][vc_empty_space height=\u00bb5px\u00bb]\t\t<\/div>\n\t<\/div>\n<\/div><\/div>[\/vc_column][\/vc_row][vc_row content_text_aligment=\u00bbcenter\u00bb css=\u00bb.vc_custom_1686877609514{padding-top: 40px !important;padding-bottom: 40px !important;background-color: #f8f8f8 !important;}\u00bb][vc_column width=\u00bb1\/5&#8243;][\/vc_column][vc_column width=\u00bb1\/5&#8243;]<div class=\"mkdf-iwt clearfix  mkdf-iwt-icon-top mkdf-iwt-icon-large\">\n\t<div class=\"mkdf-iwt-icon\">\n\t\t\t\t\t\t\t\t\t<img width=\"100\" height=\"100\" src=\"https:\/\/visitaltotamegaebarroso.pt\/wp-content\/uploads\/2023\/04\/icons8-bed-100.png\" class=\"attachment-full size-full\" alt=\"\" decoding=\"async\" loading=\"lazy\" \/>\t\t\t\t\t\t<\/div>\n\t<div class=\"mkdf-iwt-content\" >\n\t\t\t\t\t<h6 class=\"mkdf-iwt-title\" style=\"color: #1a9cd9\">\n\t\t\t\t\t\t\t\t<span class=\"mkdf-iwt-title-text\">Conforto<\/span>\n\t\t\t\t\t\t\t<\/h6>\n\t\t\t\t\t\t\t<p class=\"mkdf-iwt-text\" style=\"color: #1a9cd9\">Renda-se ao conforto que lhe proporcionamos no Alto T\u00e2mega e Barroso<\/p>\n\t\t\t<\/div>\n<\/div>[vc_empty_space height=\u00bb54px\u00bb][\/vc_column][vc_column width=\u00bb1\/5&#8243;]<div class=\"mkdf-iwt clearfix  mkdf-iwt-icon-top mkdf-iwt-icon-large\">\n\t<div class=\"mkdf-iwt-icon\">\n\t\t\t\t\t\t\t\t\t<img width=\"100\" height=\"100\" src=\"https:\/\/visitaltotamegaebarroso.pt\/wp-content\/uploads\/2023\/04\/icons8-occupied-bed-100.png\" class=\"attachment-full size-full\" alt=\"\" decoding=\"async\" loading=\"lazy\" \/>\t\t\t\t\t\t<\/div>\n\t<div class=\"mkdf-iwt-content\" >\n\t\t\t\t\t<h6 class=\"mkdf-iwt-title\" style=\"color: #1a9cd9\">\n\t\t\t\t\t\t\t\t<span class=\"mkdf-iwt-title-text\">Locais com Hist\u00f3ria<\/span>\n\t\t\t\t\t\t\t<\/h6>\n\t\t\t\t\t\t\t<p class=\"mkdf-iwt-text\" style=\"color: #1a9cd9\">Venha dormir em locais hist\u00f3ricos e fa\u00e7a tamb\u00e9m parte da hist\u00f3ria<\/p>\n\t\t\t<\/div>\n<\/div>[vc_empty_space height=\u00bb54px\u00bb][\/vc_column][vc_column width=\u00bb1\/5&#8243;]<div class=\"mkdf-iwt clearfix  mkdf-iwt-icon-top mkdf-iwt-icon-large\">\n\t<div class=\"mkdf-iwt-icon\">\n\t\t\t\t\t\t\t\t\t<img width=\"100\" height=\"100\" src=\"https:\/\/visitaltotamegaebarroso.pt\/wp-content\/uploads\/2023\/04\/icons8-bed-100.png\" class=\"attachment-full size-full\" alt=\"\" decoding=\"async\" loading=\"lazy\" \/>\t\t\t\t\t\t<\/div>\n\t<div class=\"mkdf-iwt-content\" >\n\t\t\t\t\t<h6 class=\"mkdf-iwt-title\" style=\"color: #1a9cd9\">\n\t\t\t\t\t\t\t\t<span class=\"mkdf-iwt-title-text\">Modernidade<\/span>\n\t\t\t\t\t\t\t<\/h6>\n\t\t\t\t\t\t\t<p class=\"mkdf-iwt-text\" style=\"color: #1a9cd9\">Disfrute do Alto T\u00e2mega e Barroso no alojamento que temos na regi\u00e3o<\/p>\n\t\t\t<\/div>\n<\/div>[vc_empty_space height=\u00bb54px\u00bb][\/vc_column][vc_column width=\u00bb1\/5&#8243;][\/vc_column][\/vc_row][vc_row][vc_column][vc_empty_space][\/vc_column][\/vc_row][vc_row][vc_column width=\u00bb1\/3&#8243;][vc_single_image image=\u00bb7676&#8243; img_size=\u00bbfull\u00bb onclick=\u00bbcustom_link\u00bb link=\u00bbhttps:\/\/visitaltotamegaebarroso.pt\/es\/dormir-en-boticas\/\u00bb]<div class=\"mkdf-section-title-holder  \" style=\"text-align: left\">\n\t<div class=\"mkdf-st-inner\">\n\t\t\t\t\t\t\t<h3 class=\"mkdf-st-title\" >\n\t\t\t\tBoticas\t\t\t<\/h3>\n\t\t\t\t\t<\/div>\n<\/div>[\/vc_column][vc_column width=\u00bb1\/3&#8243;][vc_single_image image=\u00bb24884&#8243; img_size=\u00bbfull\u00bb onclick=\u00bbcustom_link\u00bb link=\u00bbhttps:\/\/visitaltotamegaebarroso.pt\/es\/dormir-en-chaves\/\u00bb]<div class=\"mkdf-section-title-holder  \" style=\"text-align: left\">\n\t<div class=\"mkdf-st-inner\">\n\t\t\t\t\t\t\t<h3 class=\"mkdf-st-title\" >\n\t\t\t\tChaves\t\t\t<\/h3>\n\t\t\t\t\t<\/div>\n<\/div>[\/vc_column][vc_column width=\u00bb1\/3&#8243;][vc_single_image image=\u00bb6361&#8243; img_size=\u00bbfull\u00bb onclick=\u00bbcustom_link\u00bb link=\u00bbhttps:\/\/visitaltotamegaebarroso.pt\/es\/dormir-en-montalegre\/\u00bb]<div class=\"mkdf-section-title-holder  \" style=\"text-align: left\">\n\t<div class=\"mkdf-st-inner\">\n\t\t\t\t\t\t\t<h3 class=\"mkdf-st-title\" >\n\t\t\t\tMontalegre\t\t\t<\/h3>\n\t\t\t\t\t<\/div>\n<\/div>[\/vc_column][\/vc_row][vc_row][vc_column][vc_empty_space height=\u00bb80px\u00bb][\/vc_column][\/vc_row][vc_row][vc_column width=\u00bb1\/3&#8243;][vc_single_image image=\u00bb6359&#8243; img_size=\u00bbfull\u00bb onclick=\u00bbcustom_link\u00bb link=\u00bbhttps:\/\/visitaltotamegaebarroso.pt\/es\/dormir-en-ribeira-de-pena\/\u00bb]<div class=\"mkdf-section-title-holder  \" style=\"text-align: left\">\n\t<div class=\"mkdf-st-inner\">\n\t\t\t\t\t\t\t<h3 class=\"mkdf-st-title\" >\n\t\t\t\tRibeira de Pena\t\t\t<\/h3>\n\t\t\t\t\t<\/div>\n<\/div>[\/vc_column][vc_column width=\u00bb1\/3&#8243;][vc_single_image image=\u00bb6362&#8243; img_size=\u00bbfull\u00bb onclick=\u00bbcustom_link\u00bb link=\u00bbhttps:\/\/visitaltotamegaebarroso.pt\/es\/dormir-en-valpacos\/\u00bb]<div class=\"mkdf-section-title-holder  \" style=\"text-align: left\">\n\t<div class=\"mkdf-st-inner\">\n\t\t\t\t\t\t\t<h3 class=\"mkdf-st-title\" >\n\t\t\t\tValpa\u00e7os\t\t\t<\/h3>\n\t\t\t\t\t<\/div>\n<\/div>[\/vc_column][vc_column width=\u00bb1\/3&#8243;][vc_single_image image=\u00bb6363&#8243; img_size=\u00bbfull\u00bb onclick=\u00bbcustom_link\u00bb link=\u00bbhttps:\/\/visitaltotamegaebarroso.pt\/es\/dormir-en-vila-pouca-de-aguiar\/\u00bb]<div class=\"mkdf-section-title-holder  \" style=\"text-align: left\">\n\t<div class=\"mkdf-st-inner\">\n\t\t\t\t\t\t\t<h3 class=\"mkdf-st-title\" >\n\t\t\t\tVila Pouca de Aguiar\t\t\t<\/h3>\n\t\t\t\t\t<\/div>\n<\/div>[\/vc_column][\/vc_row][vc_row][vc_column][vc_empty_space height=\u00bb80px\u00bb][\/vc_column][\/vc_row]<\/p>\n<\/div>","protected":false},"excerpt":{"rendered":"<p>[vc_row row_content_width=\u00bbgrid\u00bb css=\u00bb.vc_custom_1502195385713{padding-top: 90px !important;padding-bottom: 90px !important;}\u00bb][vc_column][\/vc_column][\/vc_row][vc_row content_text_aligment=\u00bbcenter\u00bb css=\u00bb.vc_custom_1686877609514{padding-top: 40px !important;padding-bottom: 40px !important;background-color: #f8f8f8 !important;}\u00bb][vc_column width=\u00bb1\/5&#8243;][\/vc_column][vc_column width=\u00bb1\/5&#8243;][vc_empty_space height=\u00bb54px\u00bb][\/vc_column][vc_column width=\u00bb1\/5&#8243;][vc_empty_space height=\u00bb54px\u00bb][\/vc_column][vc_column width=\u00bb1\/5&#8243;][vc_empty_space height=\u00bb54px\u00bb][\/vc_column][vc_column width=\u00bb1\/5&#8243;][\/vc_column][\/vc_row][vc_row][vc_column][vc_empty_space][\/vc_column][\/vc_row][vc_row][vc_column width=\u00bb1\/3&#8243;][vc_single_image image=\u00bb7676&#8243; img_size=\u00bbfull\u00bb onclick=\u00bbcustom_link\u00bb link=\u00bbhttps:\/\/visitaltotamegaebarroso.pt\/es\/dormir-en-boticas\/\u00bb][\/vc_column][vc_column width=\u00bb1\/3&#8243;][vc_single_image image=\u00bb24884&#8243; img_size=\u00bbfull\u00bb onclick=\u00bbcustom_link\u00bb link=\u00bbhttps:\/\/visitaltotamegaebarroso.pt\/es\/dormir-en-chaves\/\u00bb][\/vc_column][vc_column width=\u00bb1\/3&#8243;][vc_single_image image=\u00bb6361&#8243; img_size=\u00bbfull\u00bb onclick=\u00bbcustom_link\u00bb link=\u00bbhttps:\/\/visitaltotamegaebarroso.pt\/es\/dormir-en-montalegre\/\u00bb][\/vc_column][\/vc_row][vc_row][vc_column][vc_empty_space height=\u00bb80px\u00bb][\/vc_column][\/vc_row][vc_row][vc_column width=\u00bb1\/3&#8243;][vc_single_image [&hellip;]<\/p>\n","protected":false},"author":1,"featured_media":0,"parent":0,"menu_order":0,"comment_status":"closed","ping_status":"closed","template":"full-width.php","meta":[],"_links":{"self":[{"href":"https:\/\/visitaltotamegaebarroso.pt\/es\/wp-json\/wp\/v2\/pages\/10812"}],"collection":[{"href":"https:\/\/visitaltotamegaebarroso.pt\/es\/wp-json\/wp\/v2\/pages"}],"about":[{"href":"https:\/\/visitaltotamegaebarroso.pt\/es\/wp-json\/wp\/v2\/types\/page"}],"author":[{"embeddable":true,"href":"https:\/\/visitaltotamegaebarroso.pt\/es\/wp-json\/wp\/v2\/users\/1"}],"replies":[{"embeddable":true,"href":"https:\/\/visitaltotamegaebarroso.pt\/es\/wp-json\/wp\/v2\/comments?post=10812"}],"version-history":[{"count":25,"href":"https:\/\/visitaltotamegaebarroso.pt\/es\/wp-json\/wp\/v2\/pages\/10812\/revisions"}],"predecessor-version":[{"id":24897,"href":"https:\/\/visitaltotamegaebarroso.pt\/es\/wp-json\/wp\/v2\/pages\/10812\/revisions\/24897"}],"wp:attachment":[{"href":"https:\/\/visitaltotamegaebarroso.pt\/es\/wp-json\/wp\/v2\/media?parent=10812"}],"curies":[{"name":"wp","href":"https:\/\/api.w.org\/{rel}","templated":true}]}}