{"id":22451,"date":"2023-09-13T17:39:11","date_gmt":"2023-09-13T16:39:11","guid":{"rendered":"https:\/\/visitaltotamegaebarroso.pt\/dop-and-igp-products\/"},"modified":"2023-09-14T16:54:14","modified_gmt":"2023-09-14T15:54:14","slug":"dop-and-igp-products","status":"publish","type":"page","link":"https:\/\/visitaltotamegaebarroso.pt\/en\/dop-and-igp-products\/","title":{"rendered":"DOP and IGP products"},"content":{"rendered":"<p><strong>Cheeses and milk-based products<\/strong><\/p>\n<p>Queijo de Cabra Transmontano \u2013 <strong>DOP<\/strong> \u2013 LEICRAS (Cooperativa de Produtores de leite de Cabra Serrana). \u00c1rea (Valpa\u00e7os)<\/p>\n<p>Queijo Terrincho \u2013 <strong>DOP<\/strong> \u2013 QUEITEC (Cooperativa de Produtores de leite de Ovinos da Terra Quente). \u00c1rea (Valpa\u00e7os).<\/p>\n<p>&nbsp;<\/p>\n<p><strong>Beef<\/strong><\/p>\n<p>Carne Barros\u00e3 \u2013 <strong>DOP<\/strong> \u2013 CAPOLIB (Cooperativa Agro Rural de Boticas). \u00c1rea (Boticas e Montalegre).<\/p>\n<p>Carne de Bovino Cruzado dos Lameiros do Barroso \u2013 <strong>IGP<\/strong> \u2013 COOPBARROSO (Cooperativa Agr\u00edcola do Barroso). \u00c1rea (Boticas, Chaves e Montalegre).<\/p>\n<p>Carne Maronesa \u2013 <strong>DOP<\/strong> \u2013 ACM (Associa\u00e7\u00e3o de Criadores do Maron\u00eas). \u00c1rea (Boticas, Chaves, Montalegre, Ribeira de Pena, Valpa\u00e7os e Vila Pouca de Aguiar).<\/p>\n<p>&nbsp;<\/p>\n<p><strong>Sheep Meat<\/strong><\/p>\n<p>Borrego Terrincho \u2013 <strong>DOP<\/strong> \u2013 OVITEQ (Cooperativa dos Produtores de Carne de Ovinos da Terra Quente). \u00c1rea (Valpa\u00e7os).<\/p>\n<p>Cordeiro de Barroso \/ Anho de Barroso \/ Cordeiro de leite de Barroso \u2013<strong> IGP<\/strong> \u2013 COOPBARROSO (Cooperativa Agr\u00edcola do Barroso). \u00c1rea (Boticas, Chaves, Montalegre, Ribeira de Pena, Valpa\u00e7os e Vila Pouca de Aguiar).<\/p>\n<p>&nbsp;<\/p>\n<p><strong>Goat Meat<\/strong><\/p>\n<p>Cabrito do Barroso \u2013 <strong>IGP<\/strong> \u2013 COOPBARROSO (Cooperativa Agr\u00edcola do Barroso). \u00c1rea (Boticas, Chaves, Montalegre e Vila Pouca de Aguiar).<\/p>\n<p>Cabrito das Terras Altas do Minho \u2013 <strong>IGP<\/strong> \u2013 ANCRAS (Associa\u00e7\u00e3o Nacional de Caprinicultores da Ra\u00e7a Serrana). \u00c1rea (Ribeira de Pena).<\/p>\n<p>Cabrito Transmontano \u2013 <strong>DOP<\/strong> \u2013 CAPRISSERA (Cooperativa de Produtores de cabrito da Ra\u00e7a Serrana). \u00c1rea (Valpa\u00e7os).<\/p>\n<p>&nbsp;<\/p>\n<p><strong>Pork<\/strong><\/p>\n<p>Carne de B\u00edsaro Transmontano \u2013 <strong>DOP<\/strong> \u2013 ANCSUB (Associa\u00e7\u00e3o Nacional de Criadores da Ra\u00e7a Bisara). \u00c1rea (Boticas, Chaves, Montalegre, Ribeira de Pena, Valpa\u00e7os e Vila Pouca de Aguiar).<\/p>\n<p>&nbsp;<\/p>\n<p><strong>Sausage products, hams and shoulders<\/strong><\/p>\n<p>Alheira do Barroso \u2013 Montalegre \u2013 <strong>IGP<\/strong> \u2013 APFTFB (Associa\u00e7\u00e3o dos Produtores de Fumeiro da Terra Fria Barros\u00e3). \u00c1rea (Montalegre).<\/p>\n<p>Chouri\u00e7a de Carne de Barroso \u2013 Montalegre \u2013 <strong>IGP<\/strong> \u2013 APFTFB (Associa\u00e7\u00e3o dos Produtores de Fumeiro da Terra Fria Barros\u00e3). \u00c1rea (Montalegre).<\/p>\n<p>Chouri\u00e7o de abobora de Barroso \u2013 Montalegre \u2013 <strong>IGP<\/strong> \u2013 APFTFB (Associa\u00e7\u00e3o dos Produtores de Fumeiro da Terra Fria Barros\u00e3). \u00c1rea (Montalegre).<\/p>\n<p>Presunto do Barroso \u2013 <strong>IGP<\/strong> \u2013 APFTFB (Associa\u00e7\u00e3o dos Produtores de Fumeiro da Terra Fria Barros\u00e3). \u00c1rea (Boticas, Chaves e Montalegre).<\/p>\n<p>Salpic\u00e3o de Barroso \u2013 Montalegre \u2013 <strong>IGP<\/strong> \u2013 APFTFB (Associa\u00e7\u00e3o dos Produtores de Fumeiro da Terra Fria Barros\u00e3). \u00c1rea (Boticas, Chaves e Montalegre).<\/p>\n<p>Sangueira de Barroso \u2013 Montalegre \u2013 <strong>IGP<\/strong> \u2013 APFTFB (Associa\u00e7\u00e3o dos Produtores de Fumeiro da Terra Fria Barros\u00e3). \u00c1rea (Boticas, Chaves e Montalegre).<\/p>\n<p>&nbsp;<\/p>\n<p><strong> Honeys<\/strong><\/p>\n<p>Mel do Barroso \u2013 <strong>DOP<\/strong> \u2013 CAPOLIB (Cooperativa Agro Rural de Boticas). \u00c1rea (Boticas, Chaves, Montalegre e Vila Pouca de Aguiar).<\/p>\n<p>Mel da Terra Quente \u2013 <strong>DOP<\/strong> \u2013 Cooperativa de Produtores de Mel da Terra Quente e Frutos Secos. \u00c1rea (Valpa\u00e7os).<\/p>\n<p>Mel das Terras Altas do Minho \u2013 <strong>DOP<\/strong> \u2013 (Sem agrupamento). \u00c1rea (Ribeira de Pena).<\/p>\n<p>&nbsp;<\/p>\n<p><strong>Olive oils<\/strong><\/p>\n<p>Azeite de Tr\u00e1s-os-Montes \u2013 <strong>DOP<\/strong> \u2013 AOTAD (Associa\u00e7\u00e3o de Olivicultores de Tr\u00e1s-os-Montes e Alto Douro). \u00c1rea (Valpa\u00e7os).<\/p>\n<p>&nbsp;<\/p>\n<p><strong>Fruits<\/strong><\/p>\n<p>Am\u00eandoa de Tr\u00e1s-os-Montes \u2013 <strong>IGP<\/strong> \u2013 LCN (Cooperativa de Lavradores do Centro e Norte). \u00c1rea (Valpa\u00e7os).<\/p>\n<p>Castanha da Padrela \u2013 <strong>DOP<\/strong> \u2013 ARATM (Associa\u00e7\u00e3o Regional dos Agricultores das Terras de Montenegro). \u00c1rea (Chaves, Valpa\u00e7os e Vila Pouca de Aguiar).<\/p>\n<p>Castanha da Terra Fria \u2013 <strong>DOP<\/strong> \u2013 Cooperativa Souto dos Cavaleiros. \u00c1rea (Chaves e Valpa\u00e7os).<\/p>\n<p>&nbsp;<\/p>\n<p><strong>Vegetables and Cereals<\/strong><\/p>\n<p>Batata de Tr\u00e1s-os-Montes \u2013 <strong>IGP<\/strong> \u2013 CANT (Cooperativa Agr\u00edcola do Norte Transmontano). \u00c1rea (Boticas, Chaves, Montalegre, Valpa\u00e7os e Vila Pouca de Aguiar).<\/p>\n<p>&nbsp;<\/p>\n<p><strong>Pastry Products<\/strong><\/p>\n<p>Folar de Valpa\u00e7os \u2013 <strong>IGP<\/strong> \u2013 COOPA\u00c7OS (Cooperativa Agr\u00edcola de Valpa\u00e7os). \u00c1rea (Valpa\u00e7os).<\/p>\n<p>Pastel de Chaves \u2013 <strong>IGP<\/strong> \u2013 ACISAT (Associa\u00e7\u00e3o Empresarial do Alto T\u00e2mega). \u00c1rea (Chaves).<\/p>\n<p>&nbsp;<\/p>\n<p><strong>Wines and Wine Products<\/strong><\/p>\n<p>Vinho do Minho \u2013 <strong>IGP<\/strong> \u2013 CVRVV (Comiss\u00e3o de Viticultura da Regi\u00e3o dos Vinhos Verdes). \u00c1rea (Ribeira de Pena).<\/p>\n<p>Vinho Transmontano \u2013 <strong>IGP<\/strong> \u2013 CVRTM (Comiss\u00e3o Vitivin\u00edcola Regional de Tr\u00e1s-os-Montes). \u00c1rea (Boticas, Chaves, Montalegre, Ribeira de Pena, Valpa\u00e7os e Vila Pouca de Aguiar).<\/p>\n<p>Vinho de Tr\u00e1s-os-Montes \u2013 <strong>DOP<\/strong> \u2013 CVRTM (Comiss\u00e3o Vitivin\u00edcola Regional de Tr\u00e1s-os-Montes). \u00c1rea (Chaves, Valpa\u00e7os e Vila Pouca de Aguiar).<\/p>\n<p>Aguardente Bagaceira da Regi\u00e3o dos Vinhos Verdes \u2013 <strong>IGP<\/strong> \u2013 CVRVV (Comiss\u00e3o de Viticultura da Regi\u00e3o dos Vinhos Verdes). \u00c1rea (Ribeira de Pena).<\/p>\n<p>Aguardente de Vinho da Regi\u00e3o dos Vinhos Verdes \u2013 <strong>IGP<\/strong> \u2013 CVRVV (Comiss\u00e3o de Viticultura da Regi\u00e3o dos Vinhos Verdes). \u00c1rea (Ribeira de Pena).<\/p>\n<p>&nbsp;<\/p>\n","protected":false},"excerpt":{"rendered":"<p>Cheeses and milk-based products Queijo de Cabra Transmontano \u2013 DOP \u2013 LEICRAS (Cooperativa de Produtores de leite de Cabra Serrana). \u00c1rea (Valpa\u00e7os) Queijo Terrincho \u2013 DOP \u2013 QUEITEC (Cooperativa de Produtores de leite de Ovinos da Terra Quente). \u00c1rea (Valpa\u00e7os). [&hellip;]<\/p>\n","protected":false},"author":1,"featured_media":0,"parent":0,"menu_order":0,"comment_status":"closed","ping_status":"closed","template":"","meta":[],"_links":{"self":[{"href":"https:\/\/visitaltotamegaebarroso.pt\/en\/wp-json\/wp\/v2\/pages\/22451"}],"collection":[{"href":"https:\/\/visitaltotamegaebarroso.pt\/en\/wp-json\/wp\/v2\/pages"}],"about":[{"href":"https:\/\/visitaltotamegaebarroso.pt\/en\/wp-json\/wp\/v2\/types\/page"}],"author":[{"embeddable":true,"href":"https:\/\/visitaltotamegaebarroso.pt\/en\/wp-json\/wp\/v2\/users\/1"}],"replies":[{"embeddable":true,"href":"https:\/\/visitaltotamegaebarroso.pt\/en\/wp-json\/wp\/v2\/comments?post=22451"}],"version-history":[{"count":2,"href":"https:\/\/visitaltotamegaebarroso.pt\/en\/wp-json\/wp\/v2\/pages\/22451\/revisions"}],"predecessor-version":[{"id":22470,"href":"https:\/\/visitaltotamegaebarroso.pt\/en\/wp-json\/wp\/v2\/pages\/22451\/revisions\/22470"}],"wp:attachment":[{"href":"https:\/\/visitaltotamegaebarroso.pt\/en\/wp-json\/wp\/v2\/media?parent=22451"}],"curies":[{"name":"wp","href":"https:\/\/api.w.org\/{rel}","templated":true}]}}