{"id":12360,"date":"2023-02-25T18:14:59","date_gmt":"2023-02-25T18:14:59","guid":{"rendered":"https:\/\/visitaltotamegaebarroso.pt\/datenschutz-bestimmungen\/"},"modified":"2023-06-22T23:36:57","modified_gmt":"2023-06-22T23:36:57","slug":"datenschutz-bestimmungen","status":"publish","type":"page","link":"https:\/\/visitaltotamegaebarroso.pt\/de\/datenschutz-bestimmungen\/","title":{"rendered":"Datenschutz-Bestimmungen"},"content":{"rendered":"<div class=\"wpb-content-wrapper\"><p>[vc_row][vc_column][vc_column_text]DATENSCHUTZRICHTLINIEN UND VERARBEITUNG PERSONENBEZOGENER DATEN<\/p>\n<p>ENGAGEMENT:<\/p>\n<p>Die Interkommunale Gemeinschaft Alto T\u00e2mega, im Folgenden CIMAT, eine \u00f6ffentlich-rechtliche Kollektivperson mit assoziativem Charakter, wurde als Verwaltungseinheit gegr\u00fcndet, die der NUT III von Alto T\u00e2mega entspricht und ihre Verwaltungst\u00e4tigkeit im Rahmen ihrer gesetzlichen Zust\u00e4ndigkeiten entfaltet das geografische Gebiet der Gemeinden, aus denen es besteht: Boticas, Chaves, Montalegre, Ribeira de Pena, Valpa\u00e7os und Vila Pouca de Aguiar.<\/p>\n<p>&nbsp;<\/p>\n<p>Unter strikter Einhaltung der Gesetze und unter Achtung der Grunds\u00e4tze der Transparenz und Gleichheit wendet sie Sicherheitsverfahren und -praktiken an, um einerseits stets die Verfolgung des \u00f6ffentlichen Interesses in den Bereichen ihrer Intervention zu gew\u00e4hrleisten und andererseits andererseits soll eine m\u00f6gliche Kollision dieses Desiderats mit der pers\u00f6nlichen Rechtssph\u00e4re jedes Einzelnen minimiert werden.<\/p>\n<p>&nbsp;<\/p>\n<p>Unter Ber\u00fccksichtigung der Verh\u00e4ltnism\u00e4\u00dfigkeit und Angemessenheit, die mit der F\u00e4higkeit zur Zuweisung der ihr zur Verf\u00fcgung stehenden Ressourcen und technischen Mittel einhergeht, verpflichtet sich CIMAT zur Schaffung von Schutzma\u00dfnahmen, die der Privatsph\u00e4re sowie der Verarbeitung und Verbreitung personenbezogener Daten seiner B\u00fcrger, Arbeitnehmer und Arbeitnehmer innewohnen Mitarbeiter, regelm\u00e4\u00dfige oder gelegentliche Nutzer, Beg\u00fcnstigte von Zusch\u00fcssen, Unterst\u00fctzungen oder Preisen, Studierende, Auszubildende, Ausbilder, Inhaber interner und externer institutioneller Stellen, Partner, jeweilige gesetzliche Vertreter oder ehrenamtliche Mitarbeiter sowie alle, die darauf zugreifen, integriert oder ber\u00fccksichtigt werden seine verschiedenen Tr\u00e4ger und Plattformen, ob physisch oder digital, insbesondere Papierdateien, digitale Dateien und\u00a0Websites, die im Einsatz sind oder implementiert werden sollen.<\/p>\n<p>&nbsp;<\/p>\n<p>CIMAT stellt sicher, dass personenbezogene Daten im Rahmen der Zwecke, f\u00fcr die sie erhoben werden, einer rechtm\u00e4\u00dfigen, fairen und transparenten Behandlung unterliegen.<\/p>\n<p>&nbsp;<\/p>\n<p>CIMAT verpflichtet sich zur Umsetzung einer Datenminimierungskultur, in deren Rahmen es nur die personenbezogenen Daten erhebt, nutzt und speichert, die f\u00fcr die Entwicklung seiner T\u00e4tigkeit, die Verfolgung des \u00f6ffentlichen Interesses und die Befriedigung der Zielinteressen und individuellen Rechte unbedingt erforderlich sind.<\/p>\n<p>&nbsp;<\/p>\n<p>CIMAT gibt personenbezogene Daten nicht f\u00fcr kommerzielle Zwecke oder kommerzielle Werbung weiter.<\/p>\n<p>&nbsp;<\/p>\n<p>VERWENDETE GER\u00c4TE UND MEDIEN ZUR ERFASSUNG PERS\u00d6NLICHER DATEN:<\/p>\n<p>&nbsp;<\/p>\n<p>CIMAT bietet, bearbeitet und verwaltet die folgenden personenbezogenen Datenunterst\u00fctzungen:<\/p>\n<p>Computersystem bestehend aus einer Reihe von Softwarel\u00f6sungen, die von einer Reihe von Hardwareger\u00e4ten und anderen \u00e4hnlichen L\u00f6sungen unterst\u00fctzt werden, einschlie\u00dflich E-Mail-Diensten und anderen externen digitalen Repositories und Kommunikationsl\u00f6sungen;<br \/>\nDigitales Fotoarchiv;<br \/>\nAudiovisuelles Archiv;<br \/>\nPapierakten mit eingeschr\u00e4nktem Zugriff;<br \/>\nHistorisches Archiv mit eingeschr\u00e4nktem Zugang;<br \/>\nCIMAT-Website \u2013\u00a0cimat.pt;<br \/>\nAndere digitale Plattformen, die genutzt oder implementiert werden;<\/p>\n<p>&nbsp;<\/p>\n<p>ANWENDUNGSBEREICH DER DATENSCHUTZERKL\u00c4RUNG:<\/p>\n<p>Diese Datenschutzrichtlinie gilt f\u00fcr CIMAT in Bezug auf die personenbezogenen Daten, die das Unternehmen selbst oder durch Dritte gem\u00e4\u00df der durch die Verordnung (EU) 2016\/679 vom 27. April genehmigten Datenschutzverordnung erhebt, verarbeitet und weitergibt.<\/p>\n<p>&nbsp;<\/p>\n<p>Die gleiche oder eine \u00e4hnliche Politik wird vertraglich auch von den Unternehmen \u00fcbernommen, die dieselben personenbezogenen Daten im Namen von CIMAT verarbeiten, d. h. im Rahmen einer Unterauftragsvergabe, die der Aufsicht von CIMAT unterliegt.<\/p>\n<p>&nbsp;<\/p>\n<p>Die Bereitstellung anderer Zugangslinks \u00fcber die Website \u201ewww.cimat.pt\u201c erfolgt nach Treu und Glauben und im Interesse des Nutzers, und CIMAT kann nicht f\u00fcr die Erhebung, Verarbeitung und den Bestimmungsort der auf diesen Plattformen verarbeiteten Daten verantwortlich gemacht werden. noch f\u00fcr die Zuverl\u00e4ssigkeit, Genauigkeit, Rechtm\u00e4\u00dfigkeit und Funktionalit\u00e4ten, die dort verf\u00fcgbar sind, daher ist diese Datenschutzerkl\u00e4rung f\u00fcr sie nicht anwendbar.<\/p>\n<p>&nbsp;<\/p>\n<p>In diesem Sinne h\u00e4lt CIMAT dies f\u00fcr obligatorisch und geht in allen F\u00e4llen ohne die M\u00f6glichkeit eines Gegenbeweises davon aus, dass die Datenschutzrichtlinien aller Plattformen, auf die der Benutzer zugreift, gelesen und verstanden wurden.<\/p>\n<p>ZIELE UND VER\u00d6FFENTLICHUNG DER DATENSCHUTZERKL\u00c4RUNG:<\/p>\n<p>&nbsp;<\/p>\n<p>Zus\u00e4tzlich zur Umsetzung in seine Organisationsprozesse hat CIMAT diese Datenschutzrichtlinie mit dem Ziel erstellt, ein erl\u00e4uterndes Instrument f\u00fcr die allgemeinen Datenschutzregeln und die Verarbeitung der von ihr erfassten personenbezogenen Daten bereitzustellen, stets unter strikter Einhaltung der geltenden Gesetzgebung.<\/p>\n<p>&nbsp;<\/p>\n<p>Zu diesem Zweck wird der Text dieser Datenschutzrichtlinie in Papierform an den \u00fcblichen Informationsstandorten von CIMAT und in digitaler Form auf der Website www.cimat.pt verf\u00fcgbar sein.<\/p>\n<p>&nbsp;<\/p>\n<p>Die Bestimmungen dieser Datenschutzrichtlinie erg\u00e4nzen Vertr\u00e4ge oder andere Verfahren oder normative Handlungen, ob formell oder informell, die betroffene Personen mit CIMAT abschlie\u00dfen oder daran teilnehmen.<\/p>\n<p>&nbsp;<\/p>\n<p>Daher sollte eine sorgf\u00e4ltige Lekt\u00fcre dieser Datenschutzrichtlinie durchgef\u00fchrt werden, da die Bereitstellung Ihrer personenbezogenen Daten, sei es pers\u00f6nlich oder beim Zugriff auf die verwiesene Website, zur Folge hat, dass Sie diese Bedingungen kennen und akzeptieren.<br \/>\n[\/vc_column_text][\/vc_column][\/vc_row]<\/p>\n<\/div>","protected":false},"excerpt":{"rendered":"<p>[vc_row][vc_column][vc_column_text]DATENSCHUTZRICHTLINIEN UND VERARBEITUNG PERSONENBEZOGENER DATEN ENGAGEMENT: Die Interkommunale Gemeinschaft Alto T\u00e2mega, im Folgenden CIMAT, eine \u00f6ffentlich-rechtliche Kollektivperson mit assoziativem Charakter, wurde als Verwaltungseinheit gegr\u00fcndet, die der NUT III von Alto T\u00e2mega entspricht und ihre Verwaltungst\u00e4tigkeit im Rahmen ihrer gesetzlichen Zust\u00e4ndigkeiten [&hellip;]<\/p>\n","protected":false},"author":1,"featured_media":0,"parent":0,"menu_order":0,"comment_status":"closed","ping_status":"open","template":"","meta":[],"_links":{"self":[{"href":"https:\/\/visitaltotamegaebarroso.pt\/de\/wp-json\/wp\/v2\/pages\/12360"}],"collection":[{"href":"https:\/\/visitaltotamegaebarroso.pt\/de\/wp-json\/wp\/v2\/pages"}],"about":[{"href":"https:\/\/visitaltotamegaebarroso.pt\/de\/wp-json\/wp\/v2\/types\/page"}],"author":[{"embeddable":true,"href":"https:\/\/visitaltotamegaebarroso.pt\/de\/wp-json\/wp\/v2\/users\/1"}],"replies":[{"embeddable":true,"href":"https:\/\/visitaltotamegaebarroso.pt\/de\/wp-json\/wp\/v2\/comments?post=12360"}],"version-history":[{"count":5,"href":"https:\/\/visitaltotamegaebarroso.pt\/de\/wp-json\/wp\/v2\/pages\/12360\/revisions"}],"predecessor-version":[{"id":12372,"href":"https:\/\/visitaltotamegaebarroso.pt\/de\/wp-json\/wp\/v2\/pages\/12360\/revisions\/12372"}],"wp:attachment":[{"href":"https:\/\/visitaltotamegaebarroso.pt\/de\/wp-json\/wp\/v2\/media?parent=12360"}],"curies":[{"name":"wp","href":"https:\/\/api.w.org\/{rel}","templated":true}]}}