{"id":11975,"date":"2023-04-01T19:29:35","date_gmt":"2023-04-01T19:29:35","guid":{"rendered":"https:\/\/visitaltotamegaebarroso.pt\/touristeninformation\/"},"modified":"2023-06-25T17:49:55","modified_gmt":"2023-06-25T17:49:55","slug":"touristeninformation","status":"publish","type":"page","link":"https:\/\/visitaltotamegaebarroso.pt\/de\/touristeninformation\/","title":{"rendered":"Touristeninformation"},"content":{"rendered":"<div class=\"wpb-content-wrapper\"><p>[vc_row][vc_column width=&#8220;1\/2&#8243;][vc_column_text]Das im Jahr 2020 von der Staatssekret\u00e4rin f\u00fcr die Aufwertung des Inneren, Isabel Ferreira, er\u00f6ffnete Fremdenverkehrsamt Alto T\u00e2mega und Barroso hat sich darauf konzentriert, einen abwechslungsreichen Tourismus anzuziehen, die Aufenthaltsrate der Besucher zu erh\u00f6hen und als Erg\u00e4nzung zum bereits bestehenden Tourismusangebot zu dienen In jeder Gemeinde gibt es B\u00fcros, die touristische Informationen \u00fcber alle Gemeinden sammeln und verbreiten.<\/p>\n<p>Obwohl sie sich in Chaves befindet, ist diese Infrastruktur ein integraler Bestandteil des strategischen Plans f\u00fcr die Tourismusentwicklung der Region, der von der Interkommunalen Gemeinschaft Alto T\u00e2mega CIMAT zusammen mit den sechs Gemeinden des Territoriums (Boticas, Chaves, Montalegre, Ribeira de Pena, Valpa\u00e7os und Vila Pouca de Aguiar).<\/p>\n<p>Das Geb\u00e4ude ist praktisch selbsttragend, wobei bei seiner Konstruktion der Schwerpunkt auf Holz und Glas liegt und es sich harmonisch in den Gartenbereich (Jardim do Tabolado) einf\u00fcgt, in den es eingef\u00fcgt wird. Im Inneren des Geb\u00e4udes stehen den Touristen mehrere interaktive Multimedia-Ger\u00e4te zur Verf\u00fcgung, die den Besuchern die Region auf interaktive Weise zeigen sollen. Gleichzeitig verf\u00fcgt dieser Raum auch \u00fcber einen Bereich f\u00fcr gastronomische Verkostungen, in dem man die herrlichen Produkte der Region probieren kann.[\/vc_column_text][vc_empty_space height=&#8220;20px&#8220;][\/vc_column][vc_column width=&#8220;1\/2&#8243;][vc_images_carousel images=&#8220;8698,8702,8706,8710,8714,8718,8722,8726&#8243; img_size=&#8220;full&#8220; speed=&#8220;4000&#8243; autoplay=&#8220;yes&#8220; wrap=&#8220;yes&#8220;][\/vc_column][\/vc_row][vc_row][vc_column][vc_column_text]Seit seiner Er\u00f6ffnung wurde das Fremdenverkehrsamt Alto T\u00e2mega y Barroso von mehr als 25.000 Touristen besucht, davon 13.622 im letzten Jahr.<\/p>\n<p>Diese Zahlen belegen die Arbeit, die die Region zur F\u00f6rderung dieses Gebiets leistet, das sich zunehmend als Touristenziel etabliert. Ein hervorragendes Beispiel f\u00fcr Projekte, die von den Europ\u00e4ischen Struktur- und Investitionsfonds (ESIF) profitiert haben.[\/vc_column_text][vc_empty_space height=&#8220;20px&#8220;][\/vc_column][\/vc_row][vc_row][vc_column][vc_empty_space height=&#8220;20px&#8220;][vc_video link=&#8220;https:\/\/www.youtube.com\/watch?v=CahTRL684G4&#8243; align=&#8220;center&#8220;][vc_empty_space height=&#8220;35px&#8220;][\/vc_column][\/vc_row][vc_row][vc_column width=&#8220;1\/4&#8243;]<div class=\"mkdf-section-title-holder  \" style=\"text-align: left\">\n\t<div class=\"mkdf-st-inner\">\n\t\t\t\t\t\t\t<h3 class=\"mkdf-st-title\" >\n\t\t\t\tKontakte\t\t\t<\/h3>\n\t\t\t\t\t<\/div>\n<\/div>[vc_column_text]<\/p>\n<h5><span class=\"HwtZe\" lang=\"de\"><span class=\"jCAhz ChMk0b\"><span class=\"ryNqvb\">Haushalt<\/span><\/span><\/span><\/h5>\n<p>Alameda do Tabolado<br \/>\n5400-239 Chaves, Portugal<\/p>\n<h5><span class=\"HwtZe\" lang=\"de\"><span class=\"jCAhz ChMk0b\"><span class=\"ryNqvb\">Telefon<\/span><\/span><\/span><\/h5>\n<p><span class=\"HwtZe\" lang=\"de\"><span class=\"jCAhz ChMk0b\"><span class=\"ryNqvb\">+351 276 009 146\u00a0(Anruf ins nationale Festnetz)<\/span><\/span><\/span><\/p>\n<h5>E-mail<\/h5>\n<p><a href=\"mailto:turismo@cimat.pt\">turismo@cimat.pt<\/a>[\/vc_column_text][\/vc_column][vc_column width=&#8220;3\/4&#8243;][vc_raw_html]JTNDaWZyYW1lJTIwc3JjJTNEJTIyaHR0cHMlM0ElMkYlMkZ3d3cuZ29vZ2xlLmNvbSUyRm1hcHMlMkZlbWJlZCUzRnBiJTNEJTIxMW0xOCUyMTFtMTIlMjExbTMlMjExZDI5NzcuMTc4NDA3NTAyNTg3JTIxMmQtNy40NzM5Mzg4MjQxNjExOTglMjEzZDQxLjczODI0NDU3NDE1OTM1JTIxMm0zJTIxMWYwJTIxMmYwJTIxM2YwJTIxM20yJTIxMWkxMDI0JTIxMmk3NjglMjE0ZjEzLjElMjEzbTMlMjExbTIlMjExczB4ZDNhZGZiZGNjNzAyNmY3JTI1M0EweDVmYTYzZjI2OTIxNjY1MjklMjEyc1Bvc3RvJTI1MjBkZSUyNTIwVHVyaXNtbyUyNTIwZG8lMjUyMEFsdG8lMjUyMFQlMjVDMyUyNUEybWVnYSUyNTIwZSUyNTIwQmFycm9zbyUyMTVlMCUyMTNtMiUyMTFzcHQtUFQlMjEyc3B0JTIxNHYxNjg3NDczMzI2NTExJTIxNW0yJTIxMXNwdC1QVCUyMTJzcHQlMjIlMjB3aWR0aCUzRCUyMjkwMCUyMiUyMGhlaWdodCUzRCUyMjUwMCUyMiUyMHN0eWxlJTNEJTIyYm9yZGVyJTNBMCUzQiUyMiUyMGFsbG93ZnVsbHNjcmVlbiUzRCUyMiUyMiUyMGxvYWRpbmclM0QlMjJsYXp5JTIyJTIwcmVmZXJyZXJwb2xpY3klM0QlMjJuby1yZWZlcnJlci13aGVuLWRvd25ncmFkZSUyMiUzRSUzQyUyRmlmcmFtZSUzRQ==[\/vc_raw_html][\/vc_column][\/vc_row][vc_row][vc_column][vc_empty_space height=&#8220;35px&#8220;][\/vc_column][\/vc_row]<\/p>\n<\/div>","protected":false},"excerpt":{"rendered":"<p>[vc_row][vc_column width=&#8220;1\/2&#8243;][vc_column_text]Das im Jahr 2020 von der Staatssekret\u00e4rin f\u00fcr die Aufwertung des Inneren, Isabel Ferreira, er\u00f6ffnete Fremdenverkehrsamt Alto T\u00e2mega und Barroso hat sich darauf konzentriert, einen abwechslungsreichen Tourismus anzuziehen, die Aufenthaltsrate der Besucher zu erh\u00f6hen und als Erg\u00e4nzung zum bereits [&hellip;]<\/p>\n","protected":false},"author":1,"featured_media":0,"parent":0,"menu_order":0,"comment_status":"closed","ping_status":"closed","template":"","meta":[],"_links":{"self":[{"href":"https:\/\/visitaltotamegaebarroso.pt\/de\/wp-json\/wp\/v2\/pages\/11975"}],"collection":[{"href":"https:\/\/visitaltotamegaebarroso.pt\/de\/wp-json\/wp\/v2\/pages"}],"about":[{"href":"https:\/\/visitaltotamegaebarroso.pt\/de\/wp-json\/wp\/v2\/types\/page"}],"author":[{"embeddable":true,"href":"https:\/\/visitaltotamegaebarroso.pt\/de\/wp-json\/wp\/v2\/users\/1"}],"replies":[{"embeddable":true,"href":"https:\/\/visitaltotamegaebarroso.pt\/de\/wp-json\/wp\/v2\/comments?post=11975"}],"version-history":[{"count":5,"href":"https:\/\/visitaltotamegaebarroso.pt\/de\/wp-json\/wp\/v2\/pages\/11975\/revisions"}],"predecessor-version":[{"id":12955,"href":"https:\/\/visitaltotamegaebarroso.pt\/de\/wp-json\/wp\/v2\/pages\/11975\/revisions\/12955"}],"wp:attachment":[{"href":"https:\/\/visitaltotamegaebarroso.pt\/de\/wp-json\/wp\/v2\/media?parent=11975"}],"curies":[{"name":"wp","href":"https:\/\/api.w.org\/{rel}","templated":true}]}}