{"id":11967,"date":"2023-04-03T01:14:44","date_gmt":"2023-04-03T00:14:44","guid":{"rendered":"https:\/\/visitaltotamegaebarroso.pt\/wo-schlafen\/"},"modified":"2025-04-29T22:44:44","modified_gmt":"2025-04-29T21:44:44","slug":"wo-schlafen","status":"publish","type":"page","link":"https:\/\/visitaltotamegaebarroso.pt\/de\/wo-schlafen\/","title":{"rendered":"Wo schlafen"},"content":{"rendered":"<div class=\"wpb-content-wrapper\"><p>[vc_row row_content_width=&#8220;grid&#8220; css=&#8220;.vc_custom_1502195385713{padding-top: 90px !important;padding-bottom: 90px !important;}&#8220;][vc_column]<div class=\"mkdf-elements-holder   mkdf-two-columns  mkdf-responsive-mode-1024 \" ><div class=\"mkdf-eh-item    \"  data-item-class=\"mkdf-eh-custom-4854\"     >\n\t<div class=\"mkdf-eh-item-inner\">\n\t\t<div class=\"mkdf-eh-item-content mkdf-eh-custom-4854\" style=\"padding: 25px 0px 25px\">\n\t\t\t[vc_single_image image=&#8220;9776&#8243; img_size=&#8220;full&#8220;]\t\t<\/div>\n\t<\/div>\n<\/div><div class=\"mkdf-eh-item    \"  data-item-class=\"mkdf-eh-custom-6811\" data-1280-1600=\"0 0 30px 65px\" data-1024-1280=\"0 0 40px 50px\" data-768-1024=\"20px 23% 0px 0%\" data-680-768=\"20px 6% 0px 0%\" data-680=\"20px 0% 0px 0%\">\n\t<div class=\"mkdf-eh-item-inner\">\n\t\t<div class=\"mkdf-eh-item-content mkdf-eh-custom-6811\" style=\"padding: 0 0 30px 50px\">\n\t\t\t[vc_column_text]<\/p>\n<h2>\u00dcbernachten Sie in Alto T\u00e2mega und Barroso<\/h2>\n<p>[\/vc_column_text]<h2 class=\"mkdf-custom-font-holder  mkdf-cf-2709  \" style=\"font-family: Playfair Display;font-size: 25px;line-height: 28px;font-weight: 400;font-style: italic;text-align: left;color: #1a9cd9;margin: 0 0 0 0\" data-item-class=\"mkdf-cf-2709\">\n\tPerca-se de amores pelo Alto T\u00e2mega e Barroso<\/h2>[vc_empty_space height=&#8220;10px&#8220;][vc_column_text]<em>\u201cIn einer Novembernacht fiel Schnee, und die Aspekte des zutiefst kalten Himmels zeigten schimmernde, schimmernde Sterne und ein eisiges Mondlicht, das den schneebedeckten Mulden die scharfe Klarheit von Seen aus geschmolzenem Silber verlieh.\u201d<\/em> &#8211; Camilo Castelo Branco<\/p>\n<h5><\/h5>\n<p>[\/vc_column_text][vc_empty_space height=&#8220;5px&#8220;]\t\t<\/div>\n\t<\/div>\n<\/div><\/div>[\/vc_column][\/vc_row][vc_row content_text_aligment=&#8220;center&#8220; css=&#8220;.vc_custom_1686877609514{padding-top: 40px !important;padding-bottom: 40px !important;background-color: #f8f8f8 !important;}&#8220;][vc_column width=&#8220;1\/5&#8243;][\/vc_column][vc_column width=&#8220;1\/5&#8243;]<div class=\"mkdf-iwt clearfix  mkdf-iwt-icon-top mkdf-iwt-icon-large\">\n\t<div class=\"mkdf-iwt-icon\">\n\t\t\t\t\t\t\t\t\t<img width=\"100\" height=\"100\" src=\"https:\/\/visitaltotamegaebarroso.pt\/wp-content\/uploads\/2023\/04\/icons8-bed-100.png\" class=\"attachment-full size-full\" alt=\"\" decoding=\"async\" loading=\"lazy\" \/>\t\t\t\t\t\t<\/div>\n\t<div class=\"mkdf-iwt-content\" >\n\t\t\t\t\t\t\t<p class=\"mkdf-iwt-text\" style=\"color: #1a9cd9\">G\u00f6nnen Sie sich den Komfort, den wir Ihnen in Alto T\u00e2mega und Barroso bieten<\/p>\n\t\t\t<\/div>\n<\/div>[vc_empty_space height=&#8220;54px&#8220;][\/vc_column][vc_column width=&#8220;1\/5&#8243;]<div class=\"mkdf-iwt clearfix  mkdf-iwt-icon-top mkdf-iwt-icon-large\">\n\t<div class=\"mkdf-iwt-icon\">\n\t\t\t\t\t\t\t\t\t<img width=\"100\" height=\"100\" src=\"https:\/\/visitaltotamegaebarroso.pt\/wp-content\/uploads\/2023\/04\/icons8-occupied-bed-100.png\" class=\"attachment-full size-full\" alt=\"\" decoding=\"async\" loading=\"lazy\" \/>\t\t\t\t\t\t<\/div>\n\t<div class=\"mkdf-iwt-content\" >\n\t\t\t\t\t<h6 class=\"mkdf-iwt-title\" style=\"color: #1a9cd9\">\n\t\t\t\t\t\t\t\t<span class=\"mkdf-iwt-title-text\">Orte mit Geschichte<\/span>\n\t\t\t\t\t\t\t<\/h6>\n\t\t\t\t\t\t\t<p class=\"mkdf-iwt-text\" style=\"color: #1a9cd9\">\u00dcbernachten Sie an historischen Orten und seien Sie Teil der Geschichte<\/p>\n\t\t\t<\/div>\n<\/div>[vc_empty_space height=&#8220;54px&#8220;][\/vc_column][vc_column width=&#8220;1\/5&#8243;]<div class=\"mkdf-iwt clearfix  mkdf-iwt-icon-top mkdf-iwt-icon-large\">\n\t<div class=\"mkdf-iwt-icon\">\n\t\t\t\t\t\t\t\t\t<img width=\"100\" height=\"100\" src=\"https:\/\/visitaltotamegaebarroso.pt\/wp-content\/uploads\/2023\/04\/icons8-bed-100.png\" class=\"attachment-full size-full\" alt=\"\" decoding=\"async\" loading=\"lazy\" \/>\t\t\t\t\t\t<\/div>\n\t<div class=\"mkdf-iwt-content\" >\n\t\t\t\t\t\t\t<p class=\"mkdf-iwt-text\" style=\"color: #1a9cd9\">Genie\u00dfen Sie Alto T\u00e2mega und Barroso in den Unterk\u00fcnften, die wir in der Region haben.<\/p>\n\t\t\t<\/div>\n<\/div>[vc_empty_space height=&#8220;54px&#8220;][\/vc_column][vc_column width=&#8220;1\/5&#8243;][\/vc_column][\/vc_row][vc_row][vc_column][vc_empty_space][\/vc_column][\/vc_row][vc_row][vc_column width=&#8220;1\/3&#8243;][vc_single_image image=&#8220;7676&#8243; img_size=&#8220;full&#8220; onclick=&#8220;custom_link&#8220; link=&#8220;https:\/\/visitaltotamegaebarroso.pt\/de\/schlafen-sie-in-boticas\/&#8220;]<div class=\"mkdf-section-title-holder  \" style=\"text-align: left\">\n\t<div class=\"mkdf-st-inner\">\n\t\t\t\t\t\t\t<h3 class=\"mkdf-st-title\" >\n\t\t\t\tBoticas\t\t\t<\/h3>\n\t\t\t\t\t<\/div>\n<\/div>[\/vc_column][vc_column width=&#8220;1\/3&#8243;][vc_single_image image=&#8220;24882&#8243; img_size=&#8220;full&#8220; onclick=&#8220;custom_link&#8220; link=&#8220;https:\/\/visitaltotamegaebarroso.pt\/de\/schlafen-sie-in-chaves\/&#8220;]<div class=\"mkdf-section-title-holder  \" style=\"text-align: left\">\n\t<div class=\"mkdf-st-inner\">\n\t\t\t\t\t\t\t<h3 class=\"mkdf-st-title\" >\n\t\t\t\tChaves\t\t\t<\/h3>\n\t\t\t\t\t<\/div>\n<\/div>[\/vc_column][vc_column width=&#8220;1\/3&#8243;][vc_single_image image=&#8220;6361&#8243; img_size=&#8220;full&#8220; onclick=&#8220;custom_link&#8220; link=&#8220;https:\/\/visitaltotamegaebarroso.pt\/de\/schlafen-sie-in-montalegre\/&#8220;]<div class=\"mkdf-section-title-holder  \" style=\"text-align: left\">\n\t<div class=\"mkdf-st-inner\">\n\t\t\t\t\t\t\t<h3 class=\"mkdf-st-title\" >\n\t\t\t\tMontalegre\t\t\t<\/h3>\n\t\t\t\t\t<\/div>\n<\/div>[\/vc_column][\/vc_row][vc_row][vc_column][vc_empty_space height=&#8220;80px&#8220;][\/vc_column][\/vc_row][vc_row][vc_column width=&#8220;1\/3&#8243;][vc_single_image image=&#8220;6359&#8243; img_size=&#8220;full&#8220; onclick=&#8220;custom_link&#8220; link=&#8220;https:\/\/visitaltotamegaebarroso.pt\/de\/schlafen-sie-in-ribeira-de-pena\/&#8220;]<div class=\"mkdf-section-title-holder  \" style=\"text-align: left\">\n\t<div class=\"mkdf-st-inner\">\n\t\t\t\t\t\t\t<h3 class=\"mkdf-st-title\" >\n\t\t\t\tRibeira de Pena\t\t\t<\/h3>\n\t\t\t\t\t<\/div>\n<\/div>[\/vc_column][vc_column width=&#8220;1\/3&#8243;][vc_single_image image=&#8220;6362&#8243; img_size=&#8220;full&#8220; onclick=&#8220;custom_link&#8220; link=&#8220;https:\/\/visitaltotamegaebarroso.pt\/de\/schlafen-sie-in-valpacos\/&#8220;]<div class=\"mkdf-section-title-holder  \" style=\"text-align: left\">\n\t<div class=\"mkdf-st-inner\">\n\t\t\t\t\t\t\t<h3 class=\"mkdf-st-title\" >\n\t\t\t\tValpa\u00e7os\t\t\t<\/h3>\n\t\t\t\t\t<\/div>\n<\/div>[\/vc_column][vc_column width=&#8220;1\/3&#8243;][vc_single_image image=&#8220;6363&#8243; img_size=&#8220;full&#8220; onclick=&#8220;custom_link&#8220; link=&#8220;https:\/\/visitaltotamegaebarroso.pt\/de\/schlafen-sie-in-vila-pouca-de-aguiar\/&#8220;]<div class=\"mkdf-section-title-holder  \" style=\"text-align: left\">\n\t<div class=\"mkdf-st-inner\">\n\t\t\t\t\t\t\t<h3 class=\"mkdf-st-title\" >\n\t\t\t\tVila Pouca de Aguiar\t\t\t<\/h3>\n\t\t\t\t\t<\/div>\n<\/div>[\/vc_column][\/vc_row][vc_row][vc_column][vc_empty_space height=&#8220;80px&#8220;][\/vc_column][\/vc_row]<\/p>\n<\/div>","protected":false},"excerpt":{"rendered":"<p>[vc_row row_content_width=&#8220;grid&#8220; css=&#8220;.vc_custom_1502195385713{padding-top: 90px !important;padding-bottom: 90px !important;}&#8220;][vc_column][\/vc_column][\/vc_row][vc_row content_text_aligment=&#8220;center&#8220; css=&#8220;.vc_custom_1686877609514{padding-top: 40px !important;padding-bottom: 40px !important;background-color: #f8f8f8 !important;}&#8220;][vc_column width=&#8220;1\/5&#8243;][\/vc_column][vc_column width=&#8220;1\/5&#8243;][vc_empty_space height=&#8220;54px&#8220;][\/vc_column][vc_column width=&#8220;1\/5&#8243;][vc_empty_space height=&#8220;54px&#8220;][\/vc_column][vc_column width=&#8220;1\/5&#8243;][vc_empty_space height=&#8220;54px&#8220;][\/vc_column][vc_column width=&#8220;1\/5&#8243;][\/vc_column][\/vc_row][vc_row][vc_column][vc_empty_space][\/vc_column][\/vc_row][vc_row][vc_column width=&#8220;1\/3&#8243;][vc_single_image image=&#8220;7676&#8243; img_size=&#8220;full&#8220; onclick=&#8220;custom_link&#8220; link=&#8220;https:\/\/visitaltotamegaebarroso.pt\/de\/schlafen-sie-in-boticas\/&#8220;][\/vc_column][vc_column width=&#8220;1\/3&#8243;][vc_single_image image=&#8220;24882&#8243; img_size=&#8220;full&#8220; onclick=&#8220;custom_link&#8220; link=&#8220;https:\/\/visitaltotamegaebarroso.pt\/de\/schlafen-sie-in-chaves\/&#8220;][\/vc_column][vc_column width=&#8220;1\/3&#8243;][vc_single_image image=&#8220;6361&#8243; img_size=&#8220;full&#8220; onclick=&#8220;custom_link&#8220; link=&#8220;https:\/\/visitaltotamegaebarroso.pt\/de\/schlafen-sie-in-montalegre\/&#8220;][\/vc_column][\/vc_row][vc_row][vc_column][vc_empty_space height=&#8220;80px&#8220;][\/vc_column][\/vc_row][vc_row][vc_column width=&#8220;1\/3&#8243;][vc_single_image [&hellip;]<\/p>\n","protected":false},"author":1,"featured_media":0,"parent":0,"menu_order":0,"comment_status":"closed","ping_status":"closed","template":"full-width.php","meta":[],"_links":{"self":[{"href":"https:\/\/visitaltotamegaebarroso.pt\/de\/wp-json\/wp\/v2\/pages\/11967"}],"collection":[{"href":"https:\/\/visitaltotamegaebarroso.pt\/de\/wp-json\/wp\/v2\/pages"}],"about":[{"href":"https:\/\/visitaltotamegaebarroso.pt\/de\/wp-json\/wp\/v2\/types\/page"}],"author":[{"embeddable":true,"href":"https:\/\/visitaltotamegaebarroso.pt\/de\/wp-json\/wp\/v2\/users\/1"}],"replies":[{"embeddable":true,"href":"https:\/\/visitaltotamegaebarroso.pt\/de\/wp-json\/wp\/v2\/comments?post=11967"}],"version-history":[{"count":7,"href":"https:\/\/visitaltotamegaebarroso.pt\/de\/wp-json\/wp\/v2\/pages\/11967\/revisions"}],"predecessor-version":[{"id":24895,"href":"https:\/\/visitaltotamegaebarroso.pt\/de\/wp-json\/wp\/v2\/pages\/11967\/revisions\/24895"}],"wp:attachment":[{"href":"https:\/\/visitaltotamegaebarroso.pt\/de\/wp-json\/wp\/v2\/media?parent=11967"}],"curies":[{"name":"wp","href":"https:\/\/api.w.org\/{rel}","templated":true}]}}