{"id":11943,"date":"2023-04-01T03:43:24","date_gmt":"2023-04-01T03:43:24","guid":{"rendered":"https:\/\/visitaltotamegaebarroso.pt\/wie-kommt-man\/"},"modified":"2023-06-22T22:28:17","modified_gmt":"2023-06-22T22:28:17","slug":"wie-kommt-man","status":"publish","type":"page","link":"https:\/\/visitaltotamegaebarroso.pt\/de\/wie-kommt-man\/","title":{"rendered":"Wie kommt man"},"content":{"rendered":"<div class=\"wpb-content-wrapper\"><p>[vc_row row_content_width=&#8220;grid&#8220; css=&#8220;.vc_custom_1502195385713{padding-top: 90px !important;padding-bottom: 90px !important;}&#8220;][vc_column][vc_row_inner][vc_column_inner width=&#8220;1\/2&#8243;][vc_column_text]Alto T\u00e2mega zeichnet sich dadurch aus, dass es sich um eine Region mit erheblichen Entfernungen zwischen den Hauptbev\u00f6lkerungszentren und geografisch verstreuten, aber traditionell konzentrierten Bev\u00f6lkerungsgruppen handelt. Durch den Bau neuer Stra\u00dfenachsen (A24, A7 und direkte Anbindung an die A4) wurden Erreichbarkeitsprobleme ins Ausland in gro\u00dfem Umfang gel\u00f6st. Es besteht au\u00dferdem eine direkte Verbindung von der A24 zur Autobahn A75 in Galizien, die wiederum mit der A52 (Autovia das Rias Baixas) verbunden ist.<\/p>\n<p>Das interne Stra\u00dfenverkehrsnetz hat sich verbessert, obwohl die Nutzung traditioneller Stra\u00dfen aufgrund der gestiegenen Verkehrskosten auf der A24 weiter zugenommen hat. Zus\u00e4tzlich zu den Auswirkungen der Einf\u00fchrung von Mautgeb\u00fchren hat der Verkehr auf diesen Autobahnen auch unter den Auswirkungen der aktuellen Wirtschafts- und Finanzlage gelitten, die sich auf B\u00fcrger und Unternehmen auswirken und sich allgemein in der Entwicklung des Verkehrsaufkommens widerspiegeln nationaler Ebene.<\/p>\n<p>Stra\u00dfenverbindungen \u00fcber Autobahnen erm\u00f6glichen auch eine direkte Anbindung an andere relevante Verkehrsinfrastrukturen in Nordportugal (Hafen von Leix\u00f5es und Flughafen S\u00e1 Carneiro) und Galizien (Hafen von Vigo, Flughafen Vigo und Santiago de Compostela) in einem Umkreis von mehr als 200 km .[\/vc_column_text][\/vc_column_inner][vc_column_inner width=&#8220;1\/2&#8243;][vc_single_image image=&#8220;8623&#8243; img_size=&#8220;full&#8220; alignment=&#8220;center&#8220;][\/vc_column_inner][\/vc_row_inner][vc_row_inner][vc_column_inner width=&#8220;1\/2&#8243;][vc_column_text]<\/p>\n<h4>Flugh\u00e4fen<\/h4>\n<p><strong>Flughafen S\u00e1 Carneiro (Porto)<\/strong> \u2013 148 km (1h50 auf der A24)<\/p>\n<p><strong>Flughafen<\/strong> <strong>Lissabon<\/strong> \u2013 432 km (4h46 \u00fcber die IP3) 461 km (5h00 \u00fcber die A17 und A8)<\/p>\n<p><strong>Flughafen Vigo<\/strong> \u2013 190 km (2h12 auf der A52)<\/p>\n<p><strong>Flughafen Santiago de Compostela<\/strong> \u2013 204 km (2h17 \u00fcber die A-52 und AP-53)<\/p>\n<p><strong>Flughafen Madrid<\/strong> \u2013 463 km (4 Std. 54 Std. auf der A-75)[\/vc_column_text][\/vc_column_inner][vc_column_inner width=&#8220;1\/2&#8243; css=&#8220;.vc_custom_1680340648182{margin-left: 10% !important;}&#8220;][vc_column_text]<\/p>\n<h5><strong>Google Maps<\/strong><\/h5>\n<p><a href=\"https:\/\/www.google.com\/maps\/dir\/\/Boticas\/@41.6984712,-7.7061082,13z\/data=!4m8!4m7!1m0!1m5!1m1!1s0xd3ad65a1bed378f:0x500ebbde4911bc0!2m2!1d-7.6710889!2d41.6984124?hl=pt-PT\" target=\"_blank\" rel=\"noopener\"><span class=\"HwtZe\" lang=\"de\"><span class=\"jCAhz ChMk0b\"><span class=\"ryNqvb\">Navigieren\u00a0 sie <\/span><\/span><\/span><span class=\"HwtZe\" lang=\"de\"><span class=\"jCAhz ChMk0b\"><span class=\"ryNqvb\">zu<\/span><\/span><\/span> Boticas<\/a><\/p>\n<p><a href=\"https:\/\/www.google.com\/maps\/dir\/\/Boticas\/@41.6984712,-7.7061082,13z\/data=!4m8!4m7!1m0!1m5!1m1!1s0xd3ad65a1bed378f:0x500ebbde4911bc0!2m2!1d-7.6710889!2d41.6984124?hl=pt-PT\" target=\"_blank\" rel=\"noopener\"><span class=\"HwtZe\" lang=\"de\"><span class=\"jCAhz ChMk0b\"><span class=\"ryNqvb\">Navigieren\u00a0 sie <\/span><\/span><\/span><span class=\"HwtZe\" lang=\"de\"><span class=\"jCAhz ChMk0b\"><span class=\"ryNqvb\">zu<\/span><\/span><\/span> <\/a><a href=\"https:\/\/www.google.com\/maps\/dir\/\/Chaves\/@41.7411173,-7.5056239,13z\/data=!4m8!4m7!1m0!1m5!1m1!1s0xd3ade6620f62dad:0x672378b8a643288d!2m2!1d-7.4706046!2d41.7410586?hl=pt-PT\" target=\"_blank\" rel=\"noopener\"> Chaves<\/a><\/p>\n<p><a href=\"https:\/\/www.google.com\/maps\/dir\/\/Boticas\/@41.6984712,-7.7061082,13z\/data=!4m8!4m7!1m0!1m5!1m1!1s0xd3ad65a1bed378f:0x500ebbde4911bc0!2m2!1d-7.6710889!2d41.6984124?hl=pt-PT\" target=\"_blank\" rel=\"noopener\"><span class=\"HwtZe\" lang=\"de\"><span class=\"jCAhz ChMk0b\"><span class=\"ryNqvb\">Navigieren\u00a0 sie <\/span><\/span><\/span><span class=\"HwtZe\" lang=\"de\"><span class=\"jCAhz ChMk0b\"><span class=\"ryNqvb\">zu<\/span><\/span><\/span> <\/a><a href=\"https:\/\/www.google.com\/maps\/dir\/\/Montalegre\/@41.8254696,-7.8236282,13z\/data=!4m8!4m7!1m0!1m5!1m1!1s0xd252c38a346ad45:0x400ebbde4903c80!2m2!1d-7.7886089!2d41.825411?hl=pt-PT\" target=\"_blank\" rel=\"noopener\"> Montalegre<\/a><\/p>\n<p><a href=\"https:\/\/www.google.com\/maps\/dir\/\/Boticas\/@41.6984712,-7.7061082,13z\/data=!4m8!4m7!1m0!1m5!1m1!1s0xd3ad65a1bed378f:0x500ebbde4911bc0!2m2!1d-7.6710889!2d41.6984124?hl=pt-PT\" target=\"_blank\" rel=\"noopener\"><span class=\"HwtZe\" lang=\"de\"><span class=\"jCAhz ChMk0b\"><span class=\"ryNqvb\">Navigieren\u00a0 sie <\/span><\/span><\/span><span class=\"HwtZe\" lang=\"de\"><span class=\"jCAhz ChMk0b\"><span class=\"ryNqvb\">zu<\/span><\/span><\/span> <\/a><a href=\"https:\/\/www.google.com\/maps\/dir\/\/Ribeira+de+Pena\/@41.5199601,-7.8288703,13z\/data=!4m8!4m7!1m0!1m5!1m1!1s0xd24d2c52f4332e5:0xdbd04c30f5bee01b!2m2!1d-7.793851!2d41.5199011?hl=pt-PT\" target=\"_blank\" rel=\"noopener\"> Ribeira de Pena<\/a><\/p>\n<p><a href=\"https:\/\/www.google.com\/maps\/dir\/\/Boticas\/@41.6984712,-7.7061082,13z\/data=!4m8!4m7!1m0!1m5!1m1!1s0xd3ad65a1bed378f:0x500ebbde4911bc0!2m2!1d-7.6710889!2d41.6984124?hl=pt-PT\" target=\"_blank\" rel=\"noopener\"><span class=\"HwtZe\" lang=\"de\"><span class=\"jCAhz ChMk0b\"><span class=\"ryNqvb\">Navigieren\u00a0 sie <\/span><\/span><\/span><span class=\"HwtZe\" lang=\"de\"><span class=\"jCAhz ChMk0b\"><span class=\"ryNqvb\">zu<\/span><\/span><\/span> <\/a><a href=\"https:\/\/www.google.com\/maps\/dir\/\/Valpa%C3%A7os\/@41.607027,-7.3454676,13z\/data=!4m8!4m7!1m0!1m5!1m1!1s0xd3b1c02773f9a93:0x400ebbde4903ce0!2m2!1d-7.3104483!2d41.6069681?hl=pt-PT\" target=\"_blank\" rel=\"noopener\"> Valpa\u00e7os<\/a><\/p>\n<p><a href=\"https:\/\/www.google.com\/maps\/dir\/\/Boticas\/@41.6984712,-7.7061082,13z\/data=!4m8!4m7!1m0!1m5!1m1!1s0xd3ad65a1bed378f:0x500ebbde4911bc0!2m2!1d-7.6710889!2d41.6984124?hl=pt-PT\" target=\"_blank\" rel=\"noopener\"><span class=\"HwtZe\" lang=\"de\"><span class=\"jCAhz ChMk0b\"><span class=\"ryNqvb\">Navigieren\u00a0 sie <\/span><\/span><\/span><span class=\"HwtZe\" lang=\"de\"><span class=\"jCAhz ChMk0b\"><span class=\"ryNqvb\">zu<\/span><\/span><\/span> <\/a><a href=\"https:\/\/www.google.com\/maps\/dir\/\/Vila+Pouca+de+Aguiar\/@41.5002977,-7.6782511,13z\/data=!4m8!4m7!1m0!1m5!1m1!1s0xd3b30192eadea2d:0xb8333b991faeae42!2m2!1d-7.6432318!2d41.5002387?hl=pt-PT\" target=\"_blank\" rel=\"noopener\">Vila Pouca de Aguiar<\/a>[\/vc_column_text][\/vc_column_inner][\/vc_row_inner][\/vc_column][\/vc_row][vc_row][vc_column]<\/p>\n<p>[vc_empty_space]<\/p>\n<p>[\/vc_column][\/vc_row]<\/p>\n<\/div>","protected":false},"excerpt":{"rendered":"<p>[vc_row row_content_width=&#8220;grid&#8220; css=&#8220;.vc_custom_1502195385713{padding-top: 90px !important;padding-bottom: 90px !important;}&#8220;][vc_column][vc_row_inner][vc_column_inner width=&#8220;1\/2&#8243;][vc_column_text]Alto T\u00e2mega zeichnet sich dadurch aus, dass es sich um eine Region mit erheblichen Entfernungen zwischen den Hauptbev\u00f6lkerungszentren und geografisch verstreuten, aber traditionell konzentrierten Bev\u00f6lkerungsgruppen handelt. Durch den Bau neuer Stra\u00dfenachsen (A24, A7 [&hellip;]<\/p>\n","protected":false},"author":1,"featured_media":0,"parent":0,"menu_order":0,"comment_status":"closed","ping_status":"closed","template":"full-width.php","meta":[],"_links":{"self":[{"href":"https:\/\/visitaltotamegaebarroso.pt\/de\/wp-json\/wp\/v2\/pages\/11943"}],"collection":[{"href":"https:\/\/visitaltotamegaebarroso.pt\/de\/wp-json\/wp\/v2\/pages"}],"about":[{"href":"https:\/\/visitaltotamegaebarroso.pt\/de\/wp-json\/wp\/v2\/types\/page"}],"author":[{"embeddable":true,"href":"https:\/\/visitaltotamegaebarroso.pt\/de\/wp-json\/wp\/v2\/users\/1"}],"replies":[{"embeddable":true,"href":"https:\/\/visitaltotamegaebarroso.pt\/de\/wp-json\/wp\/v2\/comments?post=11943"}],"version-history":[{"count":3,"href":"https:\/\/visitaltotamegaebarroso.pt\/de\/wp-json\/wp\/v2\/pages\/11943\/revisions"}],"predecessor-version":[{"id":12333,"href":"https:\/\/visitaltotamegaebarroso.pt\/de\/wp-json\/wp\/v2\/pages\/11943\/revisions\/12333"}],"wp:attachment":[{"href":"https:\/\/visitaltotamegaebarroso.pt\/de\/wp-json\/wp\/v2\/media?parent=11943"}],"curies":[{"name":"wp","href":"https:\/\/api.w.org\/{rel}","templated":true}]}}