{"id":11937,"date":"2023-04-02T02:58:32","date_gmt":"2023-04-02T02:58:32","guid":{"rendered":"https:\/\/visitaltotamegaebarroso.pt\/alto-tamega-turismo-4-0\/"},"modified":"2023-06-23T00:04:50","modified_gmt":"2023-06-23T00:04:50","slug":"alto-tamega-turismo-4-0","status":"publish","type":"page","link":"https:\/\/visitaltotamegaebarroso.pt\/de\/alto-tamega-turismo-4-0\/","title":{"rendered":"Alto T\u00e2mega Turismo 4.0"},"content":{"rendered":"<div class=\"wpb-content-wrapper\"><p>[vc_row row_content_width=&#8220;grid&#8220; css=&#8220;.vc_custom_1502195385713{padding-top: 90px !important;padding-bottom: 90px !important;}&#8220;][vc_column][vc_row_inner][vc_column_inner][vc_single_image image=&#8220;8774&#8243; img_size=&#8220;medium&#8220;][vc_column_text]<strong>EU-kofinanziertes Projekt<\/strong><\/p>\n<h4>Projektname | Alto T\u00e2mega Turismo 4.0<\/h4>\n<p><strong>Projektcode |<\/strong> NORTE-02-0853-FEDER-037651<\/p>\n<p><strong>Hauptziel|<\/strong> St\u00e4rkung der Wettbewerbsf\u00e4higkeit kleiner und mittlerer Unternehmen<\/p>\n<p><strong>Interventionsregion |<\/strong> NORDEN<\/p>\n<p><strong>Beg\u00fcnstigter Rechtstr\u00e4ger |<\/strong> 515134465 \u2013 AQUAVALOR \u2013 Zentrum f\u00fcr die Valorisierung und den Transfer von Wassertechnologie (Koordinator) | 510957579 \u2013 CIMAT \u2013 Interkommunale Gemeinschaft Alto T\u00e2mega | 510893678 \u2013 AECORGO \u2013 Corgo Business Association<\/p>\n<p><strong>Genehmigungsdatum |<\/strong> 03.04.2021<\/p>\n<p><strong>Startdatum |<\/strong> 01.09.2021<\/p>\n<p><strong>Fertigstellungsdatum |<\/strong> 30.04.2023<\/p>\n<p><strong>Gesamtinvestition |<\/strong> 298.091,58 \u20ac<\/p>\n<p><strong>Gesamte f\u00f6rderf\u00e4hige Kosten |<\/strong> 298.091,58 \u20ac<\/p>\n<p><strong>Finanzielle Unterst\u00fctzung durch die Europ\u00e4ische Union |<\/strong>EFRE \u2013 253.377,84 \u20ac<\/p>\n<p>&nbsp;<\/p>\n<p><strong>Beschreibung<\/strong><\/p>\n<p>Der Tourismus ist einer der entscheidenden Sektoren f\u00fcr die nationale Entwicklung und die Region Alto T\u00e2mega ist ein weiteres Beispiel daf\u00fcr. Das zentrale Ziel des Projekts besteht darin, die Gesch\u00e4ftskapazit\u00e4t der Reiseveranstalter in der Region f\u00fcr die Entwicklung neuer Produkte, Dienstleistungen und Prozesse zu st\u00e4rken und sie zu ermutigen, nachhaltige und innovative Managementpraktiken in ihren \u00f6kologischen, sozialen und wirtschaftlichen Dimensionen zu entwickeln H\u00e4ufigkeit von Aktivit\u00e4ten im Bereich der intelligenten Spezialisierung \u2013 RIS3 der Nordregion. Das Projekt zielt darauf ab, diese Unternehmen zu ermutigen, gemeinsam und in Partnerschaft innovative Aktivit\u00e4ten und Projekte zu entwickeln, mit dem Ziel, neue Waren und Dienstleistungen zu entwickeln, die zu mehr Wettbewerbsf\u00e4higkeit und F\u00e4higkeit zur Wertsch\u00f6pfung f\u00fchren und intelligentes und nachhaltiges Wachstum f\u00f6rdern. Dieses Projekt steht im Einklang mit den Entwicklungsstrategien f\u00fcr Gebiete mit geringer Bev\u00f6lkerungsdichte, wobei der Schwerpunkt auf der Unterst\u00fctzung von KMU liegt, um die Wettbewerbsf\u00e4higkeit auf der Grundlage der endogenen Ressourcen des Gebiets zu steigern. Da der Tourismus einer der entscheidenden Sektoren f\u00fcr die Entwicklung von Alto T\u00e2mega ist, zielt dieses Projekt darauf ab: a) Reiseveranstalter zu schulen, damit sie auf die zuk\u00fcnftigen Herausforderungen des Tourismus reagieren k\u00f6nnen, immer in st\u00e4ndiger Abstimmung mit der regionalen Strategie f\u00fcr den Sektor; b) Neuanpassung der Plattform visitaltotamega.com; und c) Verbesserung der erzielten Ergebnisse durch Erreichen der vorherigen Ziele durch die Abhaltung eines gro\u00dfen internationalen Forums.<\/p>\n<p>Projekt finanziert durch:[\/vc_column_text][vc_single_image image=&#8220;6309&#8243; img_size=&#8220;890&#215;115&#8243;][\/vc_column_inner][\/vc_row_inner][vc_row_inner][vc_column_inner]<div class=\"mkdf-tabs  mkdf-tabs-standard\">\n\t<ul class=\"mkdf-tabs-nav clearfix\">\n\t\t\t\t\t<li>\n\t\t\t\t\t\t\t\t\t<a href=\"#tab-dokumentation\">Dokumentation<\/a>\n\t\t\t\t\t\t\t<\/li>\n\t\t\t<\/ul>\n\t<div class=\"mkdf-tab-container\" id=\"tab-dokumentation-273\">[vc_column_text]<div class=\"_3d-flip-book  fb3d-fullscreen-mode full-size\" data-id=\"11889\" data-mode=\"fullscreen\" data-title=\"false\" data-template=\"short-white-book-view\" data-lightbox=\"dark-shadow\" data-urlparam=\"fb3d-page\" data-page-n=\"0\" data-pdf=\"\" data-tax=\"null\" data-thumbnail=\"\" data-cols=\"3\" data-book-template=\"default\"><\/div><script type=\"text\/javascript\">window.FB3D_CLIENT_DATA = window.FB3D_CLIENT_DATA || [];window.FB3D_CLIENT_DATA.push('eyJwb3N0cyI6eyIxMTg4OSI6eyJJRCI6MTE4ODksInRpdGxlIjoiTmV3c2xldHRlciBBbHRvIFRcdTAwZTJtZWdhIFR1cmlzbW8gNC4wIiwidHlwZSI6InBkZiIsInJlYWR5X2Z1bmN0aW9uIjoiIiwiYm9va19zdHlsZSI6ImZsYXQiLCJib29rX3RlbXBsYXRlIjoibm9uZSIsIm91dGxpbmUiOltdLCJkYXRhIjp7InBvc3RfSUQiOiIxMTg5MCIsImd1aWQiOiJodHRwczpcL1wvdmlzaXRhbHRvdGFtZWdhZWJhcnJvc28ucHRcL3dwLWNvbnRlbnRcL3VwbG9hZHNcLzIwMjNcLzA1XC9uZXdzbGV0dGVyLXR1cmlzbW80LnBkZiIsInBkZl9wYWdlcyI6IjI2IiwicGFnZXNfY3VzdG9taXphdGlvbiI6Im5vbmUifSwidGh1bWJuYWlsIjp7ImRhdGEiOnsicG9zdF9JRCI6IjAifSwidHlwZSI6ImF1dG8ifSwicHJvcHMiOnsiYmFja2dyb3VuZENvbG9yIjoiYXV0byIsImJhY2tncm91bmRJbWFnZSI6ImF1dG8iLCJiYWNrZ3JvdW5kU3R5bGUiOiJhdXRvIiwiaGlnaGxpZ2h0TGlua3MiOiJhdXRvIiwibGlnaHRpbmciOiJhdXRvIiwiY2FjaGVkUGFnZXMiOiJhdXRvIiwicmVuZGVySW5hY3RpdmVQYWdlcyI6ImF1dG8iLCJyZW5kZXJJbmFjdGl2ZVBhZ2VzT25Nb2JpbGUiOiJhdXRvIiwicmVuZGVyV2hpbGVGbGlwcGluZyI6ImF1dG8iLCJwcmVsb2FkUGFnZXMiOiJhdXRvIiwiYXV0b1BsYXlEdXJhdGlvbiI6ImF1dG8iLCJydGwiOiJhdXRvIiwiaW50ZXJhY3RpdmVDb3JuZXJzIjoiYXV0byIsIm1heERlcHRoIjoiYXV0byIsInNoZWV0Ijp7InN0YXJ0VmVsb2NpdHkiOiJhdXRvIiwid2F2ZSI6ImF1dG8iLCJzaGFwZSI6ImF1dG8iLCJ3aWR0aFRleGVscyI6ImF1dG8iLCJjb2xvciI6ImF1dG8iLCJzaWRlIjoiYXV0byIsImNvcm5lckRldmlhdGlvbiI6ImF1dG8iLCJmbGV4aWJpbGl0eSI6ImF1dG8iLCJmbGV4aWJsZUNvcm5lciI6ImF1dG8iLCJiZW5kaW5nIjoiYXV0byIsImhlaWdodFRleGVscyI6ImF1dG8ifSwiY292ZXIiOnsid2F2ZSI6ImF1dG8iLCJjb2xvciI6ImF1dG8iLCJzaWRlIjoiYXV0byIsImJpbmRlclRleHR1cmUiOiJhdXRvIiwiZGVwdGgiOiJhdXRvIiwicGFkZGluZyI6ImF1dG8iLCJzdGFydFZlbG9jaXR5IjoiYXV0byIsImZsZXhpYmlsaXR5IjoiYXV0byIsImZsZXhpYmxlQ29ybmVyIjoiYXV0byIsImJlbmRpbmciOiJhdXRvIiwid2lkdGhUZXhlbHMiOiJhdXRvIiwiaGVpZ2h0VGV4ZWxzIjoiYXV0byIsIm1hc3MiOiJhdXRvIiwic2hhcGUiOiJhdXRvIn0sInBhZ2UiOnsid2F2ZSI6ImF1dG8iLCJjb2xvciI6ImF1dG8iLCJzaWRlIjoiYXV0byIsImRlcHRoIjoiYXV0byIsInN0YXJ0VmVsb2NpdHkiOiJhdXRvIiwiZmxleGliaWxpdHkiOiJhdXRvIiwiZmxleGlibGVDb3JuZXIiOiJhdXRvIiwiYmVuZGluZyI6ImF1dG8iLCJ3aWR0aFRleGVscyI6ImF1dG8iLCJoZWlnaHRUZXhlbHMiOiJhdXRvIiwibWFzcyI6ImF1dG8iLCJzaGFwZSI6ImF1dG8ifSwiaGVpZ2h0IjoiYXV0byIsIndpZHRoIjoiYXV0byIsImdyYXZpdHkiOiJhdXRvIiwicGFnZXNGb3JQcmVkaWN0aW5nIjoiYXV0byJ9LCJjb250cm9sUHJvcHMiOnsiYWN0aW9ucyI6eyJjbWRUb2MiOnsiZW5hYmxlZCI6ImF1dG8iLCJlbmFibGVkSW5OYXJyb3ciOiJhdXRvIiwiYWN0aXZlIjoiYXV0byIsImRlZmF1bHRUYWIiOiJhdXRvIn0sImNtZEF1dG9QbGF5Ijp7ImVuYWJsZWQiOiJhdXRvIiwiZW5hYmxlZEluTmFycm93IjoiYXV0byIsImFjdGl2ZSI6ImF1dG8ifSwiY21kU2F2ZSI6eyJlbmFibGVkIjoiYXV0byIsImVuYWJsZWRJbk5hcnJvdyI6ImF1dG8ifSwiY21kUHJpbnQiOnsiZW5hYmxlZCI6ImF1dG8iLCJlbmFibGVkSW5OYXJyb3ciOiJhdXRvIn0sImNtZFNpbmdsZVBhZ2UiOnsiZW5hYmxlZCI6ImF1dG8iLCJlbmFibGVkSW5OYXJyb3ciOiJhdXRvIiwiYWN0aXZlIjoiYXV0byIsImFjdGl2ZUZvck1vYmlsZSI6ImF1dG8ifSwid2lkVG9vbGJhciI6eyJlbmFibGVkIjoiYXV0byIsImVuYWJsZWRJbk5hcnJvdyI6ImF1dG8ifX19LCJhdXRvVGh1bWJuYWlsIjoiaHR0cHM6XC9cL3Zpc2l0YWx0b3RhbWVnYWViYXJyb3NvLnB0XC93cC1jb250ZW50XC91cGxvYWRzXC8zZC1mbGlwLWJvb2tcL2F1dG8tdGh1bWJuYWlsc1wvMTE4ODkucG5nIiwicG9zdF9uYW1lIjoibmV3c2xldHRlci1hbHRvLXRhbWVnYS10dXJpc21vLTQtMCIsInBvc3RfdHlwZSI6IjNkLWZsaXAtYm9vayJ9fSwicGFnZXMiOltdLCJmaXJzdFBhZ2VzIjpbXX0=');window.FB3D_CLIENT_LOCALE && window.FB3D_CLIENT_LOCALE.render();<\/script>[\/vc_column_text]<\/div><\/div>[\/vc_column_inner][\/vc_row_inner][\/vc_column][\/vc_row][vc_row][vc_column][vc_empty_space][\/vc_column][\/vc_row]<\/p>\n<\/div>","protected":false},"excerpt":{"rendered":"<p>[vc_row row_content_width=&#8220;grid&#8220; css=&#8220;.vc_custom_1502195385713{padding-top: 90px !important;padding-bottom: 90px !important;}&#8220;][vc_column][vc_row_inner][vc_column_inner][vc_single_image image=&#8220;8774&#8243; img_size=&#8220;medium&#8220;][vc_column_text]EU-kofinanziertes Projekt Projektname | Alto T\u00e2mega Turismo 4.0 Projektcode | NORTE-02-0853-FEDER-037651 Hauptziel| St\u00e4rkung der Wettbewerbsf\u00e4higkeit kleiner und mittlerer Unternehmen Interventionsregion | NORDEN Beg\u00fcnstigter Rechtstr\u00e4ger | 515134465 \u2013 AQUAVALOR \u2013 Zentrum f\u00fcr die [&hellip;]<\/p>\n","protected":false},"author":1,"featured_media":0,"parent":0,"menu_order":0,"comment_status":"closed","ping_status":"closed","template":"full-width.php","meta":[],"_links":{"self":[{"href":"https:\/\/visitaltotamegaebarroso.pt\/de\/wp-json\/wp\/v2\/pages\/11937"}],"collection":[{"href":"https:\/\/visitaltotamegaebarroso.pt\/de\/wp-json\/wp\/v2\/pages"}],"about":[{"href":"https:\/\/visitaltotamegaebarroso.pt\/de\/wp-json\/wp\/v2\/types\/page"}],"author":[{"embeddable":true,"href":"https:\/\/visitaltotamegaebarroso.pt\/de\/wp-json\/wp\/v2\/users\/1"}],"replies":[{"embeddable":true,"href":"https:\/\/visitaltotamegaebarroso.pt\/de\/wp-json\/wp\/v2\/comments?post=11937"}],"version-history":[{"count":4,"href":"https:\/\/visitaltotamegaebarroso.pt\/de\/wp-json\/wp\/v2\/pages\/11937\/revisions"}],"predecessor-version":[{"id":12378,"href":"https:\/\/visitaltotamegaebarroso.pt\/de\/wp-json\/wp\/v2\/pages\/11937\/revisions\/12378"}],"wp:attachment":[{"href":"https:\/\/visitaltotamegaebarroso.pt\/de\/wp-json\/wp\/v2\/media?parent=11937"}],"curies":[{"name":"wp","href":"https:\/\/api.w.org\/{rel}","templated":true}]}}