{"id":11931,"date":"2017-08-07T13:02:07","date_gmt":"2017-08-07T13:02:07","guid":{"rendered":"https:\/\/visitaltotamegaebarroso.pt\/alto-tamega-und-barroso\/"},"modified":"2023-06-22T22:34:06","modified_gmt":"2023-06-22T22:34:06","slug":"alto-tamega-und-barroso","status":"publish","type":"page","link":"https:\/\/visitaltotamegaebarroso.pt\/de\/alto-tamega-und-barroso\/","title":{"rendered":"Alto T\u00e2mega und Barroso"},"content":{"rendered":"<div class=\"wpb-content-wrapper\"><p>[vc_row row_content_width=&#8220;grid&#8220; css=&#8220;.vc_custom_1502195385713{padding-top: 90px !important;padding-bottom: 90px !important;}&#8220;][vc_column][vc_row_inner][vc_column_inner width=&#8220;1\/2&#8243;][vc_single_image image=&#8220;8602&#8243; img_size=&#8220;full&#8220; alignment=&#8220;center&#8220;][\/vc_column_inner][vc_column_inner width=&#8220;1\/2&#8243;][vc_column_text]Die Region Alto T\u00e2mega und Barroso, bestehend aus den Gemeinden Boticas, Chaves, Montalegre, Ribeira de Pena, Valpa\u00e7os und Vila Pouca de Aguiar, umfasst eine Fl\u00e4che von etwa 2.922 km2 und wurde nach Angaben der Volksz\u00e4hlung 2021 des Nationalen Registers erfasst Das Institut f\u00fcr Statistik (INE) hat eine Wohnbev\u00f6lkerung von 84.248 Einwohnern, was ungef\u00e4hr 2,4 % der Bev\u00f6lkerung der Nordregion Portugals entspricht.<\/p>\n<p>Dieses Gebiet ist eine der 23 nationalen Interkommunalen Gemeinschaften (CIM) und grenzt an vier weitere CIMs \u2013 C\u00e1vado, Ave, Douro und Terras de Tr\u00e1s-os-Montes \u2013 und im Norden an Spanien, was der Region eine privilegierte Lage verleiht . im Hinblick auf M\u00f6glichkeiten zur F\u00f6rderung grenz\u00fcberschreitender Beziehungen, insbesondere mit Orense.<\/p>\n<p>Die landwirtschaftliche T\u00e4tigkeit und die Agrarindustrie spielen im wirtschaftlichen Panorama dieses Gebiets mit geringer Bev\u00f6lkerungsdichte eine wichtige Rolle. Endogene Ressourcen von herausragender Qualit\u00e4t stellen eines der Unterscheidungsmerkmale dieser Gemeinden dar, wobei der Schwerpunkt auf endogenen Produkten von anerkannter Qualit\u00e4t liegt, von denen viele mit einer gesch\u00fctzten Ursprungsbezeichnung (gU) und einer gesch\u00fctzten geografischen Angabe (g.g.A.) garantiert sind, darunter Fleisch und Honig , Oliven\u00f6l, Kastanien, Kartoffeln, Folar, ger\u00e4ucherte Produkte und W\u00fcrstchen, unter anderem.<\/p>\n<p>Die touristische Aktivit\u00e4t stellt einen weiteren strategischen Schwerpunkt von Alto T\u00e2mega und Barroso dar und basiert auf einem Angebot an Thermaltourismus und Tourismus in l\u00e4ndlichen Gebieten (TER), das die nat\u00fcrliche Sch\u00f6nheit der Region erg\u00e4nzt, durch gro\u00dfe Gebiete von nat\u00fcrlichem Interesse kontextualisiert wird und eine privilegierte Umgebung bietet hinsichtlich der Artenvielfalt und des Landschaftsreichtums ein einzigartiges Umfeld.<\/p>\n<p>Dar\u00fcber hinaus spielt das kulturelle Erbe auch eine wichtige Rolle im touristischen, wirtschaftlichen und sozialen Panorama von Alto T\u00e2mega und Barroso. Hervorzuheben sind in diesem Fall die \u00fcber die sechs Gemeinden verteilten Nationaldenkm\u00e4ler von gro\u00dfem touristischem Interesse sowie vielf\u00e4ltige kulturelle Erscheinungsformen wie Kunsthandwerk und ethnografische Traditionen.[\/vc_column_text][\/vc_column_inner][\/vc_row_inner][\/vc_column][\/vc_row][vc_row][vc_column][vc_empty_space][\/vc_column][\/vc_row]<\/p>\n<\/div>","protected":false},"excerpt":{"rendered":"<p>[vc_row row_content_width=&#8220;grid&#8220; css=&#8220;.vc_custom_1502195385713{padding-top: 90px !important;padding-bottom: 90px !important;}&#8220;][vc_column][vc_row_inner][vc_column_inner width=&#8220;1\/2&#8243;][vc_single_image image=&#8220;8602&#8243; img_size=&#8220;full&#8220; alignment=&#8220;center&#8220;][\/vc_column_inner][vc_column_inner width=&#8220;1\/2&#8243;][vc_column_text]Die Region Alto T\u00e2mega und Barroso, bestehend aus den Gemeinden Boticas, Chaves, Montalegre, Ribeira de Pena, Valpa\u00e7os und Vila Pouca de Aguiar, umfasst eine Fl\u00e4che von etwa 2.922 km2 [&hellip;]<\/p>\n","protected":false},"author":1,"featured_media":0,"parent":0,"menu_order":0,"comment_status":"closed","ping_status":"closed","template":"full-width.php","meta":[],"_links":{"self":[{"href":"https:\/\/visitaltotamegaebarroso.pt\/de\/wp-json\/wp\/v2\/pages\/11931"}],"collection":[{"href":"https:\/\/visitaltotamegaebarroso.pt\/de\/wp-json\/wp\/v2\/pages"}],"about":[{"href":"https:\/\/visitaltotamegaebarroso.pt\/de\/wp-json\/wp\/v2\/types\/page"}],"author":[{"embeddable":true,"href":"https:\/\/visitaltotamegaebarroso.pt\/de\/wp-json\/wp\/v2\/users\/1"}],"replies":[{"embeddable":true,"href":"https:\/\/visitaltotamegaebarroso.pt\/de\/wp-json\/wp\/v2\/comments?post=11931"}],"version-history":[{"count":2,"href":"https:\/\/visitaltotamegaebarroso.pt\/de\/wp-json\/wp\/v2\/pages\/11931\/revisions"}],"predecessor-version":[{"id":11933,"href":"https:\/\/visitaltotamegaebarroso.pt\/de\/wp-json\/wp\/v2\/pages\/11931\/revisions\/11933"}],"wp:attachment":[{"href":"https:\/\/visitaltotamegaebarroso.pt\/de\/wp-json\/wp\/v2\/media?parent=11931"}],"curies":[{"name":"wp","href":"https:\/\/api.w.org\/{rel}","templated":true}]}}